{"id":5240,"date":"2021-05-13T14:34:12","date_gmt":"2021-05-13T12:34:12","guid":{"rendered":"https:\/\/christophelaveaux.fr\/cosmetic-surgery\/face-and-neck-surgery\/chirurgie-des-oreilles\/"},"modified":"2022-06-16T16:13:49","modified_gmt":"2022-06-16T14:13:49","slug":"ear-surgery","status":"publish","type":"page","link":"https:\/\/christophelaveaux.fr\/en\/cosmetic-surgery\/face-and-neck-surgery\/ear-surgery\/","title":{"rendered":"Ear surgery"},"content":{"rendered":"<h1>Ear Surgery<\/h1>\n<div>\u2022 Prominent ears \u2022 Reduction of ears and lobes  \u2022<\/div>\n<h2>Prominent ears &#8211; Otoplasty<\/h2>\n<div>\n<p><em><strong>Cosmetic ear surgery aims to correct protruding ears or may be done to reshape them. <\/strong><\/em><\/p>\n<\/div>\n<div>\n<p>In children, <strong>prominent ears<\/strong> are a source of ridicule and humiliation that can lead to psychological and academic difficulties. In adulthood, protruding ears can impede self-esteem and affect socio-professional development.<\/p>\n<p>A simple and effective correction is possible from the age of 7 years. <strong>This otoplasty may relate to both ears, or just one ear if there is asymmetry.<\/strong><\/p>\n<\/div>\n<ul>\n<li>\n<h3>Guidelines for the procedure<\/h3>\n<div>\n<p>Through an incision hidden behind the ear, the surgeon gives the ears an acceptable shape by folding them so they lay closer to the skull. Sometimes, more complex changes are made to the cartilage.<\/p>\n<p>The procedure is performed under assisted local anaesthesia (diazepine-induced analgesia) or under a short general anaesthesia for the child\u2019s comfort. The procedure lasts about 1 hour. <\/p>\n<p>The procedure is performed on an outpatient basis.<\/p>\n<\/div>\n<\/li>\n<li>\n<h3>Post-operative effects<\/h3>\n<div>\n<p>The patient leaves the clinic wearing a helmet-shaped bandage which is removed between the 1st and the 6th day, exposing the scars to the air. The sutures are dissolvable.<\/p>\n<p>Wearing glasses is permitted after removal of the dressing. <\/p>\n<p>A band must be worn for 2 months (24 hours a day for 15 days, and then only at night). <br \/>Resuming intense contact sports (rugby, judo\u2026) is permitted after 2 months.<\/p>\n<p>Edema (swelling) of the ears along with ecchymosis (bruises) are temporary and mask the permanent result that is visible after 1 to 2 months.<\/p>\n<\/div>\n<\/li>\n<li>\n<h3>Risk of complications<\/h3>\n<div>\n<p>As with any surgery, a number of complications can occur. But the likelihood of these complications is reduced in the hands of a qualified plastic surgeon and in the presence of a competent anaesthetist. <br \/>\nThe patient\u2019s compliance to instructions given by the surgeon is also essential and include :<\/p>\n<ul>\n<li>stopping smoking 1 month before and after the procedure (reduction of all risks) ;<\/li>\n<li>not taking aspirin for 10 days before and after the procedure (reduced risk of hematoma).<\/li>\n<\/ul>\n<p>Fortunately, postoperative effects are generally manageable following an otoplasty that has been carried out properly, so serious complications are rare.<br \/>\n<br \/>\nRare complications that could occur include, but are not limited to risk of hematoma, infection and scarring.<br \/>\n<br \/>\nIn the event of a complication, appropriate measures will be taken.<br \/>\n<br \/>\nIn practice, the vast majority of cases take place without any problem and the patients are satisfied with the result.\n<\/p>\n<\/div>\n<\/li>\n<li>\n<h3>Health insurance coverage<\/h3>\n<div>In certain cases, partial coverage for the procedure is provided by health insurance.<\/div>\n<\/li>\n<li>\n<p>        <img decoding=\"async\" src=\"\/wp-content\/uploads\/2022\/06\/Oreilles_Decollees-avant-apres.jpg\" alt=\"\"><\/p>\n<h3>Before \/ After<\/h3>\n<\/li>\n<\/ul>\n<div>\n<div><\/div>\n<\/div>\n<h2>Reduction of ears and lobes<\/h2>\n<div>\n<p><em><strong>The size of the ears can be reduced as a whole, or specifically at either the level of the pinnae or the ear lobes.<\/strong><\/em><\/p>\n<\/div>\n<div>\n<h3>Reduction of ear pinnae<\/h3>\n<p>The <strong>reduction of the ear pinnae<\/strong> can be achieved during an ear reconstruction surgery called Antia-Buch plasty. The scar is hidden in the hollow (cru) of the helix.<br \/>Simpler excision-suture techniques can correct some minor defects on the edge of the ears such as small cartilaginous growths or other irregularities.<\/p>\n<h3>Reduction of earlobes and split lobes<\/h3>\n<p>The <strong>reduction of the earlobes and\/or the closure of split lobes<\/strong> are carried out through a small, very discreet incision. <br \/>Earlobe reduction can be performed alone or in combination with a <a href=\"\/en\/cosmetic-surgery\/face-and-neck-surgery\/face-and-neck-lift\/#lifting-cervico-facial\">cervicofacial facelift<\/a>.<\/p>\n<\/div>\n<ul>\n<li>\n<h3>Guidelines for the procedure<\/h3>\n<div>\n<p>The procedure is performed under local anaesthesia, or more uncommonly during general anaesthesia and lasts from 45 minutes to 1 and a half hours.<\/p>\n<p>Hospitalisation takes place on an outpatient basis.<\/p>\n<\/div>\n<\/li>\n<li>\n<h3>Post-operative effects<\/h3>\n<div>\n<p>The scars are left uncovered and are protected by an ointment.  The sutures are dissolvable.\n<\/p>\n<p>There is almost no pain that is relieved by appropriate analgesics. An edema (swelling) of the ear and ecchymosis (bruises) of varying importance depending on the patient and disappear during the first 1 to 3 weeks.<\/p>\n<\/div>\n<\/li>\n<li>\n<h3>Risk of complications<\/h3>\n<div>\n<p>As with any surgery, a number of complications can occur. But the likelihood of these complications is reduced in the hands of a qualified plastic surgeon and in the presence of a competent anaesthetist. <\/p>\n<p>The patient\u2019s compliance to instructions given by the surgeon is also essential and include :<\/p>\n<ul>\n<li>stopping smoking 1 month before and after the procedure (reduction of all risks) ;<\/li>\n<li>not taking aspirin for 10 days before and after the procedure (reduced risk of hematoma).<\/li>\n<\/ul>\n<p>Fortunately, postoperative effects are generally manageable following a mid-face lift that has been carried out properly, so serious complications are rare.<br \/>\n<br \/>\nRare complications that could occur include, but are not limited to risk of hematoma, infection and temporary skin sensibility.<br \/>\n<br \/>\nIn the event of a complication, appropriate measures will be taken.<br \/>\n<br \/>\nIn practice, the vast majority of cases take place without any problem and the patients are satisfied with the result.<\/p>\n<\/div>\n<\/li>\n<li>\n<h3>Health insurance coverage<\/h3>\n<div>\n<p>As this procedure is considered purely for aesthetic purposes, no coverage is provided by health insurance.<\/p>\n<\/div>\n<\/li>\n<li>\n<p>        <img decoding=\"async\" src=\"\/wp-content\/uploads\/2022\/06\/reduction-lobe-oreille-avant-apres.jpg\" alt=\"\"><\/p>\n<h3>Before \/ After<\/h3>\n<div><em>Reduction of the earlobes<\/em><\/div>\n<\/li>\n<\/ul>\n<p><img decoding=\"async\" src=\"\/wp-content\/uploads\/2021\/07\/chirurgie-des-oreilles-docteur-laveaux-cannes-scaled.jpg\" alt=\"Chirurgie des oreilles - Oreilles d\u00e9coll\u00e9es - \u00e0 Cannes - Dr Laveaux\"><\/p>\n<p><!--more--><br \/>\n<!-- {\"children\":[{\"name\":\"About\",\"type\":\"section\",\"props\":{\"style\":\"muted\",\"width\":\"xlarge\",\"image_position\":\"bottom-left\",\"padding\":\"none\",\"vertical_align\":\"middle\",\"title_position\":\"top-left\",\"title_rotation\":\"left\",\"title_breakpoint\":\"xl\",\"image\":\"wp-content\\\/uploads\\\/2021\\\/07\\\/background-feuilles-or-repris.svg\",\"width_expand\":\"right\",\"padding_remove_horizontal\":true,\"image_effect\":\"fixed\"},\"children\":[{\"name\":\"\",\"type\":\"row\",\"props\":{\"layout\":\"2-3,1-3\",\"vertical_align\":false,\"match\":false,\"column_gap\":\"collapse\",\"row_gap\":\"collapse\",\"width_expand\":\"right\"},\"children\":[{\"name\":\"\",\"type\":\"column\",\"props\":{\"image_position\":\"top-center\",\"style\":\"default\",\"padding\":\"xlarge\",\"width_medium\":\"2-3\",\"media_overlay_gradient\":\"\",\"image\":\"wp-content\\\/uploads\\\/2021\\\/06\\\/cadre-top-left-laveaux.svg\",\"position_sticky_breakpoint\":\"m\"},\"children\":[{\"type\":\"breadcrumbs\",\"props\":{\"show_home\":true,\"show_current\":true}},{\"name\":\"*** \n\n<h1> ***\",\"type\":\"headline\",\"props\":{\"title_element\":\"h1\",\"content\":\"Ear Surgery\",\"title_style\":\"heading-medium\",\"margin\":\"medium\",\"title_font_family\":\"primary\",\"margin_remove_bottom\":true}},{\"type\":\"text\",\"props\":{\"margin\":\"small\",\"column_breakpoint\":\"m\",\"text_style\":\"meta\",\"content\":\"\\u2022 Prominent ears \\u2022 Reduction of ears and lobes  \\u2022\",\"margin_remove_top\":false}},{\"name\":\"*** \n\n<h2> ***\",\"type\":\"headline\",\"props\":{\"title_element\":\"h2\",\"content\":\"Prominent ears - Otoplasty\",\"margin\":\"large\",\"margin_remove_bottom\":true,\"title_decoration\":\"line\"}},{\"name\":\"\",\"type\":\"text\",\"props\":{\"column_breakpoint\":\"m\",\"margin\":\"small\",\"content\":\"\n\n<p><em><strong>Cosmetic ear surgery aims to correct protruding ears or may be done to reshape them. <\\\/strong><\\\/em><\\\/p>\\n\",\"maxwidth\":\"2xlarge\"}},{\"name\":\"\",\"type\":\"text\",\"props\":{\"column_breakpoint\":\"m\",\"margin\":\"medium\",\"content\":\"\n\n<p>In children, <strong>prominent ears<\\\/strong> are a source of ridicule and humiliation that can lead to psychological and academic difficulties. In adulthood, protruding ears can impede self-esteem and affect socio-professional development.<\\\/p>\\n\n\n<p>A simple and effective correction is possible from the age of 7 years. <strong>This otoplasty may relate to both ears, or just one ear if there is asymmetry.<\\\/strong><\\\/p>\\n\\n  \\n\",\"text_align\":\"justify\"}},{\"type\":\"accordion\",\"props\":{\"show_image\":true,\"show_link\":true,\"collapsible\":true,\"content_column_breakpoint\":\"m\",\"image_svg_color\":\"emphasis\",\"image_align\":\"top\",\"image_grid_width\":\"1-2\",\"image_grid_breakpoint\":\"m\",\"link_text\":\"Read more\",\"link_style\":\"default\",\"css\":\".el-element {background: #f7f7fa; padding: 20px;}\\n\"},\"children\":[{\"type\":\"accordion_item\",\"props\":{\"title\":\"Guidelines for the procedure\",\"content\":\"\n\n<p>Through an incision hidden behind the ear, the surgeon gives the ears an acceptable shape by folding them so they lay closer to the skull. Sometimes, more complex changes are made to the cartilage.<\\\/p>\\n\\n\n\n<p>The procedure is performed under assisted local anaesthesia (diazepine-induced analgesia) or under a short general anaesthesia for the child\\u2019s comfort. The procedure lasts about 1 hour. <\\\/p>\\n\\n\n\n<p>The procedure is performed on an outpatient basis.<\\\/p>\"}},{\"type\":\"accordion_item\",\"props\":{\"title\":\"Post-operative effects\",\"content\":\"\n\n<p>The patient leaves the clinic wearing a helmet-shaped bandage which is removed between the 1st and the 6th day, exposing the scars to the air. The sutures are dissolvable.<\\\/p>\\n\n\n<p>Wearing glasses is permitted after removal of the dressing. <\\\/p>\\n\n\n<p>A band must be worn for 2 months (24 hours a day for 15 days, and then only at night). <br \\\/>Resuming intense contact sports (rugby, judo\\u2026) is permitted after 2 months.<\\\/p>\\n\n\n<p>Edema (swelling) of the ears along with ecchymosis (bruises) are temporary and mask the permanent result that is visible after 1 to 2 months.<\\\/p>\"}},{\"type\":\"accordion_item\",\"props\":{\"title\":\"Risk of complications\",\"content\":\"\n\n<p>As with any surgery, a number of complications can occur. But the likelihood of these complications is reduced in the hands of a qualified plastic surgeon and in the presence of a competent anaesthetist. <br \/>\\nThe patient\\u2019s compliance to instructions given by the surgeon is also essential and include :<\\\/p>\\n\\n\n\n<ul>\\n    \n\n<li>stopping smoking 1 month before and after the procedure (reduction of all risks) ;<\\\/li>\\n    \n\n<li>not taking aspirin for 10 days before and after the procedure (reduced risk of hematoma).<\\\/li>\\n<\\\/ul>\\n\\n\n\n<p>Fortunately, postoperative effects are generally manageable following an otoplasty that has been carried out properly, so serious complications are rare.\\n<br \/>\\nRare complications that could occur include, but are not limited to risk of hematoma, infection and scarring.\\n<br \/>\\nIn the event of a complication, appropriate measures will be taken.\\n<br \/>\\nIn practice, the vast majority of cases take place without any problem and the patients are satisfied with the result.\\n<\\\/p>\\n\"}},{\"type\":\"accordion_item\",\"props\":{\"title\":\"Health insurance coverage\",\"content\":\"In certain cases, partial coverage for the procedure is provided by health insurance.\"}},{\"type\":\"accordion_item\",\"props\":{\"title\":\"Before \\\/ After\",\"content\":\"\",\"image\":\"wp-content\\\/uploads\\\/2022\\\/06\\\/Oreilles_Decollees-avant-apres.jpg\"}}]},{\"type\":\"html\",\"props\":{\"content\":\"\n\n<div><\\\/div>\",\"id\":\"reduction-oreilles-lobes\"},\"name\":\"Ancre r\\u00e9duction oreilles\"},{\"name\":\"*** \n\n<h2> ***\",\"type\":\"headline\",\"props\":{\"title_element\":\"h2\",\"content\":\"Reduction of ears and lobes\",\"margin\":\"large\",\"margin_remove_bottom\":true,\"title_decoration\":\"line\"}},{\"name\":\"\",\"type\":\"text\",\"props\":{\"column_breakpoint\":\"m\",\"margin\":\"small\",\"content\":\"\n\n<p><em><strong>The size of the ears can be reduced as a whole, or specifically at either the level of the pinnae or the ear lobes.<\\\/strong><\\\/em><\\\/p>\\n\",\"maxwidth\":\"2xlarge\"}},{\"name\":\"\",\"type\":\"text\",\"props\":{\"column_breakpoint\":\"m\",\"margin\":\"medium\",\"content\":\"\n\n<h3>Reduction of ear pinnae<\\\/h3>\\n\n\n<p>The <strong>reduction of the ear pinnae<\\\/strong> can be achieved during an ear reconstruction surgery called Antia-Buch plasty. The scar is hidden in the hollow (cru) of the helix.<br \\\/>Simpler excision-suture techniques can correct some minor defects on the edge of the ears such as small cartilaginous growths or other irregularities.<\\\/p>\\n\n\n<h3>Reduction of earlobes and split lobes<\\\/h3>\\n\n\n<p>The <strong>reduction of the earlobes and\\\/or the closure of split lobes<\\\/strong> are carried out through a small, very discreet incision. <br \\\/>Earlobe reduction can be performed alone or in combination with a <a href=\\\"\\\/en\\\/cosmetic-surgery\\\/face-and-neck-surgery\\\/face-and-neck-lift\\\/#lifting-cervico-facial\\\">cervicofacial facelift<\\\/a>.<\\\/p>\",\"text_align\":\"justify\"}},{\"type\":\"accordion\",\"props\":{\"show_image\":true,\"show_link\":true,\"collapsible\":true,\"content_column_breakpoint\":\"m\",\"image_svg_color\":\"emphasis\",\"image_align\":\"top\",\"image_grid_width\":\"1-2\",\"image_grid_breakpoint\":\"m\",\"link_text\":\"Read more\",\"link_style\":\"default\",\"css\":\".el-element {background: #f7f7fa; padding: 20px;}\\n\"},\"children\":[{\"type\":\"accordion_item\",\"props\":{\"title\":\"Guidelines for the procedure\",\"content\":\"\n\n<p>The procedure is performed under local anaesthesia, or more uncommonly during general anaesthesia and lasts from 45 minutes to 1 and a half hours.<\\\/p>\\n\\n\n\n<p>Hospitalisation takes place on an outpatient basis.<\\\/p>\\n\"}},{\"type\":\"accordion_item\",\"props\":{\"title\":\"Post-operative effects\",\"content\":\"\n\n<p>The scars are left uncovered and are protected by an ointment.  The sutures are dissolvable.\\n<\\\/p>\\n\\n\n\n<p>There is almost no pain that is relieved by appropriate analgesics. An edema (swelling) of the ear and ecchymosis (bruises) of varying importance depending on the patient and disappear during the first 1 to 3 weeks.<\\\/p>\\n\\n\"}},{\"type\":\"accordion_item\",\"props\":{\"title\":\"Risk of complications\",\"content\":\"\n\n<p>As with any surgery, a number of complications can occur. But the likelihood of these complications is reduced in the hands of a qualified plastic surgeon and in the presence of a competent anaesthetist. <\\\/p>\\n\n\n<p>The patient\\u2019s compliance to instructions given by the surgeon is also essential and include :<\\\/p>\\n\\n\n\n<ul>\\n    \n\n<li>stopping smoking 1 month before and after the procedure (reduction of all risks) ;<\\\/li>\\n    \n\n<li>not taking aspirin for 10 days before and after the procedure (reduced risk of hematoma).<\\\/li>\\n<\\\/ul>\\n\\n\n\n<p>Fortunately, postoperative effects are generally manageable following a mid-face lift that has been carried out properly, so serious complications are rare.\\n<br \/>\\nRare complications that could occur include, but are not limited to risk of hematoma, infection and temporary skin sensibility.\\n<br \/>\\nIn the event of a complication, appropriate measures will be taken.\\n<br \/>\\nIn practice, the vast majority of cases take place without any problem and the patients are satisfied with the result.<\\\/p>\\n\\n\"}},{\"type\":\"accordion_item\",\"props\":{\"title\":\"Health insurance coverage\",\"content\":\"\n\n<p>As this procedure is considered purely for aesthetic purposes, no coverage is provided by health insurance.<\\\/p>\\n\\n\"}},{\"type\":\"accordion_item\",\"props\":{\"title\":\"Before \\\/ After\",\"content\":\"<em>Reduction of the earlobes<\\\/em>\",\"image\":\"wp-content\\\/uploads\\\/2022\\\/06\\\/reduction-lobe-oreille-avant-apres.jpg\"}}]}]},{\"name\":\"\",\"type\":\"column\",\"props\":{\"image_position\":\"center-center\",\"image\":\"\",\"style\":\"muted\",\"padding\":\"none\",\"width_medium\":\"1-3\",\"media_overlay_gradient\":\"\",\"position_sticky_breakpoint\":\"m\"},\"children\":[{\"type\":\"image\",\"props\":{\"margin\":\"remove-vertical\",\"image_svg_color\":\"emphasis\",\"image\":\"wp-content\\\/uploads\\\/2021\\\/07\\\/chirurgie-des-oreilles-docteur-laveaux-cannes-scaled.jpg\",\"text_align\":\"right\",\"image_alt\":\"Chirurgie des oreilles - Oreilles d\\u00e9coll\\u00e9es - \\u00e0 Cannes - Dr Laveaux\",\"visibility\":\"s\"}}]}]}]}],\"version\":\"2.7.16\",\"type\":\"layout\"} --><\/p>\n","protected":false},"excerpt":{"rendered":"<p>Ear Surgery \u2022 Prominent ears \u2022 Reduction of ears and lobes \u2022 Prominent ears &#8211; Otoplasty Cosmetic ear surgery aims to correct protruding ears or may be done to reshape them. In children, prominent ears are a source of ridicule and humiliation that can lead to psychological and academic difficulties. In adulthood, protruding ears can [&hellip;]<\/p>\n","protected":false},"author":2,"featured_media":0,"parent":4845,"menu_order":7,"comment_status":"closed","ping_status":"closed","template":"","meta":{"footnotes":""},"class_list":["post-5240","page","type-page","status-publish","hentry"],"yoast_head":"<!-- This site is optimized with the Yoast SEO plugin v25.3 - https:\/\/yoast.com\/wordpress\/plugins\/seo\/ -->\n<title>Ear Surgery - Otoplasty in Cannes - French Riviera | Dr Laveaux<\/title>\n<meta name=\"description\" content=\"Cosmetic ear surgery aims to correct protruding ears (prominent ears) or may be done to reshape them (reduction of ears and lobes).\" \/>\n<meta name=\"robots\" content=\"index, follow, max-snippet:-1, max-image-preview:large, max-video-preview:-1\" \/>\n<link rel=\"canonical\" href=\"https:\/\/christophelaveaux.fr\/en\/cosmetic-surgery\/face-and-neck-surgery\/ear-surgery\/\" \/>\n<meta property=\"og:locale\" content=\"en_US\" \/>\n<meta property=\"og:type\" content=\"article\" \/>\n<meta property=\"og:title\" content=\"Ear Surgery - Otoplasty in Cannes - French Riviera | Dr Laveaux\" \/>\n<meta property=\"og:description\" content=\"Cosmetic ear surgery aims to correct protruding ears (prominent ears) or may be done to reshape them (reduction of ears and lobes).\" \/>\n<meta property=\"og:url\" content=\"https:\/\/christophelaveaux.fr\/en\/cosmetic-surgery\/face-and-neck-surgery\/ear-surgery\/\" \/>\n<meta property=\"og:site_name\" content=\"Dr Christophe Laveaux\" \/>\n<meta property=\"article:modified_time\" content=\"2022-06-16T14:13:49+00:00\" \/>\n<meta name=\"twitter:card\" content=\"summary_large_image\" \/>\n<meta name=\"twitter:label1\" content=\"Est. reading time\" \/>\n\t<meta name=\"twitter:data1\" content=\"4 minutes\" \/>\n<script type=\"application\/ld+json\" class=\"yoast-schema-graph\">{\"@context\":\"https:\/\/schema.org\",\"@graph\":[{\"@type\":\"WebPage\",\"@id\":\"https:\/\/christophelaveaux.fr\/en\/cosmetic-surgery\/face-and-neck-surgery\/ear-surgery\/\",\"url\":\"https:\/\/christophelaveaux.fr\/en\/cosmetic-surgery\/face-and-neck-surgery\/ear-surgery\/\",\"name\":\"Ear Surgery - Otoplasty in Cannes - French Riviera | Dr Laveaux\",\"isPartOf\":{\"@id\":\"https:\/\/christophelaveaux.fr\/en\/#website\"},\"datePublished\":\"2021-05-13T12:34:12+00:00\",\"dateModified\":\"2022-06-16T14:13:49+00:00\",\"description\":\"Cosmetic ear surgery aims to correct protruding ears (prominent ears) or may be done to reshape them (reduction of ears and lobes).\",\"breadcrumb\":{\"@id\":\"https:\/\/christophelaveaux.fr\/en\/cosmetic-surgery\/face-and-neck-surgery\/ear-surgery\/#breadcrumb\"},\"inLanguage\":\"en-US\",\"potentialAction\":[{\"@type\":\"ReadAction\",\"target\":[\"https:\/\/christophelaveaux.fr\/en\/cosmetic-surgery\/face-and-neck-surgery\/ear-surgery\/\"]}]},{\"@type\":\"BreadcrumbList\",\"@id\":\"https:\/\/christophelaveaux.fr\/en\/cosmetic-surgery\/face-and-neck-surgery\/ear-surgery\/#breadcrumb\",\"itemListElement\":[{\"@type\":\"ListItem\",\"position\":1,\"name\":\"Accueil\",\"item\":\"https:\/\/christophelaveaux.fr\/en\/\"},{\"@type\":\"ListItem\",\"position\":2,\"name\":\"Cosmetic Surgery\",\"item\":\"https:\/\/christophelaveaux.fr\/en\/cosmetic-surgery\/\"},{\"@type\":\"ListItem\",\"position\":3,\"name\":\"Face and Neck Surgery\",\"item\":\"https:\/\/christophelaveaux.fr\/en\/cosmetic-surgery\/face-and-neck-surgery\/\"},{\"@type\":\"ListItem\",\"position\":4,\"name\":\"Ear surgery\"}]},{\"@type\":\"WebSite\",\"@id\":\"https:\/\/christophelaveaux.fr\/en\/#website\",\"url\":\"https:\/\/christophelaveaux.fr\/en\/\",\"name\":\"Dr Christophe Laveaux\",\"description\":\"Chirurgien Esth\u00e9tique \u2022 Cannes\",\"potentialAction\":[{\"@type\":\"SearchAction\",\"target\":{\"@type\":\"EntryPoint\",\"urlTemplate\":\"https:\/\/christophelaveaux.fr\/en\/?s={search_term_string}\"},\"query-input\":{\"@type\":\"PropertyValueSpecification\",\"valueRequired\":true,\"valueName\":\"search_term_string\"}}],\"inLanguage\":\"en-US\"}]}<\/script>\n<!-- \/ Yoast SEO plugin. -->","yoast_head_json":{"title":"Ear Surgery - Otoplasty in Cannes - French Riviera | Dr Laveaux","description":"Cosmetic ear surgery aims to correct protruding ears (prominent ears) or may be done to reshape them (reduction of ears and lobes).","robots":{"index":"index","follow":"follow","max-snippet":"max-snippet:-1","max-image-preview":"max-image-preview:large","max-video-preview":"max-video-preview:-1"},"canonical":"https:\/\/christophelaveaux.fr\/en\/cosmetic-surgery\/face-and-neck-surgery\/ear-surgery\/","og_locale":"en_US","og_type":"article","og_title":"Ear Surgery - Otoplasty in Cannes - French Riviera | Dr Laveaux","og_description":"Cosmetic ear surgery aims to correct protruding ears (prominent ears) or may be done to reshape them (reduction of ears and lobes).","og_url":"https:\/\/christophelaveaux.fr\/en\/cosmetic-surgery\/face-and-neck-surgery\/ear-surgery\/","og_site_name":"Dr Christophe Laveaux","article_modified_time":"2022-06-16T14:13:49+00:00","twitter_card":"summary_large_image","twitter_misc":{"Est. reading time":"4 minutes"},"schema":{"@context":"https:\/\/schema.org","@graph":[{"@type":"WebPage","@id":"https:\/\/christophelaveaux.fr\/en\/cosmetic-surgery\/face-and-neck-surgery\/ear-surgery\/","url":"https:\/\/christophelaveaux.fr\/en\/cosmetic-surgery\/face-and-neck-surgery\/ear-surgery\/","name":"Ear Surgery - Otoplasty in Cannes - French Riviera | Dr Laveaux","isPartOf":{"@id":"https:\/\/christophelaveaux.fr\/en\/#website"},"datePublished":"2021-05-13T12:34:12+00:00","dateModified":"2022-06-16T14:13:49+00:00","description":"Cosmetic ear surgery aims to correct protruding ears (prominent ears) or may be done to reshape them (reduction of ears and lobes).","breadcrumb":{"@id":"https:\/\/christophelaveaux.fr\/en\/cosmetic-surgery\/face-and-neck-surgery\/ear-surgery\/#breadcrumb"},"inLanguage":"en-US","potentialAction":[{"@type":"ReadAction","target":["https:\/\/christophelaveaux.fr\/en\/cosmetic-surgery\/face-and-neck-surgery\/ear-surgery\/"]}]},{"@type":"BreadcrumbList","@id":"https:\/\/christophelaveaux.fr\/en\/cosmetic-surgery\/face-and-neck-surgery\/ear-surgery\/#breadcrumb","itemListElement":[{"@type":"ListItem","position":1,"name":"Accueil","item":"https:\/\/christophelaveaux.fr\/en\/"},{"@type":"ListItem","position":2,"name":"Cosmetic Surgery","item":"https:\/\/christophelaveaux.fr\/en\/cosmetic-surgery\/"},{"@type":"ListItem","position":3,"name":"Face and Neck Surgery","item":"https:\/\/christophelaveaux.fr\/en\/cosmetic-surgery\/face-and-neck-surgery\/"},{"@type":"ListItem","position":4,"name":"Ear surgery"}]},{"@type":"WebSite","@id":"https:\/\/christophelaveaux.fr\/en\/#website","url":"https:\/\/christophelaveaux.fr\/en\/","name":"Dr Christophe Laveaux","description":"Chirurgien Esth\u00e9tique \u2022 Cannes","potentialAction":[{"@type":"SearchAction","target":{"@type":"EntryPoint","urlTemplate":"https:\/\/christophelaveaux.fr\/en\/?s={search_term_string}"},"query-input":{"@type":"PropertyValueSpecification","valueRequired":true,"valueName":"search_term_string"}}],"inLanguage":"en-US"}]}},"_links":{"self":[{"href":"https:\/\/christophelaveaux.fr\/en\/wp-json\/wp\/v2\/pages\/5240","targetHints":{"allow":["GET"]}}],"collection":[{"href":"https:\/\/christophelaveaux.fr\/en\/wp-json\/wp\/v2\/pages"}],"about":[{"href":"https:\/\/christophelaveaux.fr\/en\/wp-json\/wp\/v2\/types\/page"}],"author":[{"embeddable":true,"href":"https:\/\/christophelaveaux.fr\/en\/wp-json\/wp\/v2\/users\/2"}],"replies":[{"embeddable":true,"href":"https:\/\/christophelaveaux.fr\/en\/wp-json\/wp\/v2\/comments?post=5240"}],"version-history":[{"count":27,"href":"https:\/\/christophelaveaux.fr\/en\/wp-json\/wp\/v2\/pages\/5240\/revisions"}],"predecessor-version":[{"id":7091,"href":"https:\/\/christophelaveaux.fr\/en\/wp-json\/wp\/v2\/pages\/5240\/revisions\/7091"}],"up":[{"embeddable":true,"href":"https:\/\/christophelaveaux.fr\/en\/wp-json\/wp\/v2\/pages\/4845"}],"wp:attachment":[{"href":"https:\/\/christophelaveaux.fr\/en\/wp-json\/wp\/v2\/media?parent=5240"}],"curies":[{"name":"wp","href":"https:\/\/api.w.org\/{rel}","templated":true}]}}