{"id":5882,"date":"2021-05-24T11:02:27","date_gmt":"2021-05-24T09:02:27","guid":{"rendered":"https:\/\/christophelaveaux.fr\/aesthetic-medicine\/aesthetic-medicine-face-neck\/medecine-esthetique-menton\/"},"modified":"2022-07-08T10:23:08","modified_gmt":"2022-07-08T08:23:08","slug":"chin","status":"publish","type":"page","link":"https:\/\/christophelaveaux.fr\/en\/aesthetic-medicine\/aesthetic-medicine-face-neck\/chin\/","title":{"rendered":"Chin"},"content":{"rendered":"<h1>Chin<\/h1>\n<div>\u2022 Increase of the volume of the chin \u2022 Profile improvement \u2022 Correction the orange peel effect \u2022<\/div>\n<h2>Aesthetic medicine of the chin<\/h2>\n<div>\n<p>Several modifications can be made to the chin thanks to aesthetic medicine:<\/p>\n<ul>\n<li><a href=\"\/en\/aesthetic-medicine\/main-techniques\/hyaluronic-acid-and-skinboosters\/\">Hyaluronic acid injections<\/a> are an alternative to surgical methods (chin prostheses and lipofilling) for those who wish to <strong> increase the volume of their chin<\/strong> and <strong>improve their profile<\/strong>.<br \/>The result is reversible in 12 to 24 months.<\/li>\n<li><a href=\"\/en\/aesthetic-medicine\/main-techniques\/botulinum-toxin-injections\/\">Botulinum toxin injections<\/a> <strong>correct the orange peel effect on the chin <\/strong>and reduce horizontal chin wrinkles (labio-chin wrinkle). <br \/>The result lasts 6 months on average.<\/li>\n<\/ul>\n<\/div>\n<div>\n<h3>Before \/ After<\/h3>\n<div>\n<p><img loading=\"lazy\" decoding=\"async\" src=\"https:\/\/christophelaveaux.fr\/wp-content\/uploads\/2022\/06\/avancee-du-menton.jpg\" alt=\"\" width=\"413\" height=\"550\" class=\"aligncenter size-full wp-image-7269\" srcset=\"https:\/\/christophelaveaux.fr\/wp-content\/uploads\/2022\/06\/avancee-du-menton.jpg 413w, https:\/\/christophelaveaux.fr\/wp-content\/uploads\/2022\/06\/avancee-du-menton-225x300.jpg 225w\" sizes=\"(max-width: 413px) 100vw, 413px\" \/><\/p>\n<p><em>Chin protusion with hyaluronic acid (blue line) with the consequent reduction of the double chin (green line)<\/em><\/p>\n<\/div>\n<\/div>\n<p><img decoding=\"async\" src=\"\/wp-content\/uploads\/2021\/08\/medecine-esthetique-menton-christophe-laveaux-cannes-scaled.jpg\" alt=\"M\u00e9decine esth\u00e9tique du Menton \u00e0 Cannes Alpes Maritimes - Dr Laveaux\"><\/p>\n<p><!--more--><br \/>\n<!-- {\"name\":\"*** Template \\\/\\\/ 3e Niveau ---bis--- (avec lorem ipsum \\\/\\\/ Chirurgie des l\\u00e8vres)\",\"type\":\"layout\",\"children\":[{\"name\":\"About\",\"type\":\"section\",\"props\":{\"style\":\"muted\",\"width\":\"xlarge\",\"image_position\":\"bottom-left\",\"padding\":\"none\",\"vertical_align\":\"middle\",\"title_position\":\"top-left\",\"title_rotation\":\"left\",\"title_breakpoint\":\"xl\",\"image\":\"wp-content\\\/uploads\\\/2021\\\/07\\\/background-feuilles-or-repris.svg\",\"width_expand\":\"right\",\"padding_remove_horizontal\":true,\"image_effect\":\"fixed\"},\"children\":[{\"name\":\"\",\"type\":\"row\",\"props\":{\"layout\":\"2-3,1-3\",\"vertical_align\":false,\"match\":false,\"column_gap\":\"collapse\",\"row_gap\":\"collapse\",\"width_expand\":\"right\"},\"children\":[{\"name\":\"\",\"type\":\"column\",\"props\":{\"image_position\":\"top-center\",\"style\":\"default\",\"padding\":\"xlarge\",\"width_medium\":\"2-3\",\"media_overlay_gradient\":\"\",\"image\":\"wp-content\\\/uploads\\\/2021\\\/06\\\/cadre-top-left-laveaux.svg\",\"position_sticky_breakpoint\":\"m\"},\"children\":[{\"type\":\"breadcrumbs\",\"props\":{\"show_home\":true,\"show_current\":true}},{\"name\":\"*** \n\n<h1> ***\",\"type\":\"headline\",\"props\":{\"title_element\":\"h1\",\"content\":\"Chin\",\"title_style\":\"heading-medium\",\"margin\":\"medium\",\"title_font_family\":\"primary\",\"margin_remove_bottom\":true}},{\"type\":\"text\",\"props\":{\"margin\":\"small\",\"column_breakpoint\":\"m\",\"text_style\":\"meta\",\"content\":\"\\u2022 Increase of the volume of the chin \\u2022 Profile improvement \\u2022 Correction the orange peel effect \\u2022\",\"margin_remove_top\":false}},{\"name\":\"*** \n\n<h2> ***\",\"type\":\"headline\",\"props\":{\"title_element\":\"h2\",\"content\":\"Aesthetic medicine of the chin\",\"margin\":\"large\",\"margin_remove_bottom\":true,\"title_decoration\":\"line\"}},{\"name\":\"\",\"type\":\"text\",\"props\":{\"column_breakpoint\":\"m\",\"margin\":\"medium\",\"content\":\"\n\n<p>Several modifications can be made to the chin thanks to aesthetic medicine:<\\\/p>\\n\n\n<ul>\\n\n\n<li><a href=\\\"\\\/en\\\/aesthetic-medicine\\\/main-techniques\\\/hyaluronic-acid-and-skinboosters\\\/\\\">Hyaluronic acid injections<\\\/a> are an alternative to surgical methods (chin prostheses and lipofilling) for those who wish to <strong> increase the volume of their chin<\\\/strong> and <strong>improve their profile<\\\/strong>.<br \\\/>The result is reversible in 12 to 24 months.<\\\/li>\\n\n\n<li><a href=\\\"\\\/en\\\/aesthetic-medicine\\\/main-techniques\\\/botulinum-toxin-injections\\\/\\\">Botulinum toxin injections<\\\/a> <strong>correct the orange peel effect on the chin <\\\/strong>and reduce horizontal chin wrinkles (labio-chin wrinkle). <br \\\/>The result lasts 6 months on average.<\\\/li>\\n<\\\/ul>\",\"text_align\":\"justify\"}},{\"type\":\"accordion\",\"props\":{\"show_image\":true,\"show_link\":true,\"collapsible\":true,\"content_column_breakpoint\":\"m\",\"image_svg_color\":\"emphasis\",\"image_align\":\"top\",\"image_grid_width\":\"1-2\",\"image_grid_breakpoint\":\"m\",\"link_text\":\"Read more\",\"link_style\":\"default\"},\"children\":[{\"type\":\"accordion_item\",\"props\":{\"title\":\"Before \\\/ After\",\"content\":\"\n\n<p><img src=\\\"https:\\\/\\\/christophelaveaux.fr\\\/wp-content\\\/uploads\\\/2022\\\/06\\\/avancee-du-menton.jpg\\\" alt=\\\"\\\" width=\\\"413\\\" height=\\\"550\\\" class=\\\"aligncenter size-full wp-image-7269\\\" \\\/><\\\/p>\\n\n\n<p><em>Chin protusion with hyaluronic acid (blue line) with the consequent reduction of the double chin (green line)<\\\/em><\\\/p>\"}}]}]},{\"name\":\"\",\"type\":\"column\",\"props\":{\"image_position\":\"center-center\",\"image\":\"\",\"style\":\"muted\",\"padding\":\"none\",\"width_medium\":\"1-3\",\"media_overlay_gradient\":\"\",\"position_sticky_breakpoint\":\"m\"},\"children\":[{\"type\":\"image\",\"props\":{\"margin\":\"remove-vertical\",\"image_svg_color\":\"emphasis\",\"image\":\"wp-content\\\/uploads\\\/2021\\\/08\\\/medecine-esthetique-menton-christophe-laveaux-cannes-scaled.jpg\",\"text_align\":\"right\",\"image_alt\":\"M\\u00e9decine esth\\u00e9tique du Menton \\u00e0 Cannes Alpes Maritimes - Dr Laveaux\",\"visibility\":\"s\"}}]}]}]}],\"version\":\"2.7.22\"} --><\/p>\n","protected":false},"excerpt":{"rendered":"<p>Chin \u2022 Increase of the volume of the chin \u2022 Profile improvement \u2022 Correction the orange peel effect \u2022 Aesthetic medicine of the chin Several modifications can be made to the chin thanks to aesthetic medicine: Hyaluronic acid injections are an alternative to surgical methods (chin prostheses and lipofilling) for those who wish to increase [&hellip;]<\/p>\n","protected":false},"author":2,"featured_media":0,"parent":5838,"menu_order":4,"comment_status":"closed","ping_status":"closed","template":"","meta":{"footnotes":""},"class_list":["post-5882","page","type-page","status-publish","hentry"],"yoast_head":"<!-- This site is optimized with the Yoast SEO plugin v25.3 - https:\/\/yoast.com\/wordpress\/plugins\/seo\/ -->\n<title>Aesthetic medicine of the chin in Cannes, French Riviera | Dr Laveaux<\/title>\n<meta name=\"description\" content=\"Several modifications can be made to the chin thanks to aesthetic medicine: increase of the volume, correction the orange peel effect.\" \/>\n<meta name=\"robots\" content=\"index, follow, max-snippet:-1, max-image-preview:large, max-video-preview:-1\" \/>\n<link rel=\"canonical\" href=\"https:\/\/christophelaveaux.fr\/en\/aesthetic-medicine\/aesthetic-medicine-face-neck\/chin\/\" \/>\n<meta property=\"og:locale\" content=\"en_US\" \/>\n<meta property=\"og:type\" content=\"article\" \/>\n<meta property=\"og:title\" content=\"Aesthetic medicine of the chin in Cannes, French Riviera | Dr Laveaux\" \/>\n<meta property=\"og:description\" content=\"Several modifications can be made to the chin thanks to aesthetic medicine: increase of the volume, correction the orange peel effect.\" \/>\n<meta property=\"og:url\" content=\"https:\/\/christophelaveaux.fr\/en\/aesthetic-medicine\/aesthetic-medicine-face-neck\/chin\/\" \/>\n<meta property=\"og:site_name\" content=\"Dr Christophe Laveaux\" \/>\n<meta property=\"article:modified_time\" content=\"2022-07-08T08:23:08+00:00\" \/>\n<meta property=\"og:image\" content=\"https:\/\/christophelaveaux.fr\/wp-content\/uploads\/2022\/06\/avancee-du-menton.jpg\" \/>\n<meta name=\"twitter:card\" content=\"summary_large_image\" \/>\n<meta name=\"twitter:label1\" content=\"Est. reading time\" \/>\n\t<meta name=\"twitter:data1\" content=\"1 minute\" \/>\n<script type=\"application\/ld+json\" class=\"yoast-schema-graph\">{\"@context\":\"https:\/\/schema.org\",\"@graph\":[{\"@type\":\"WebPage\",\"@id\":\"https:\/\/christophelaveaux.fr\/en\/aesthetic-medicine\/aesthetic-medicine-face-neck\/chin\/\",\"url\":\"https:\/\/christophelaveaux.fr\/en\/aesthetic-medicine\/aesthetic-medicine-face-neck\/chin\/\",\"name\":\"Aesthetic medicine of the chin in Cannes, French Riviera | Dr Laveaux\",\"isPartOf\":{\"@id\":\"https:\/\/christophelaveaux.fr\/en\/#website\"},\"primaryImageOfPage\":{\"@id\":\"https:\/\/christophelaveaux.fr\/en\/aesthetic-medicine\/aesthetic-medicine-face-neck\/chin\/#primaryimage\"},\"image\":{\"@id\":\"https:\/\/christophelaveaux.fr\/en\/aesthetic-medicine\/aesthetic-medicine-face-neck\/chin\/#primaryimage\"},\"thumbnailUrl\":\"https:\/\/christophelaveaux.fr\/wp-content\/uploads\/2022\/06\/avancee-du-menton.jpg\",\"datePublished\":\"2021-05-24T09:02:27+00:00\",\"dateModified\":\"2022-07-08T08:23:08+00:00\",\"description\":\"Several modifications can be made to the chin thanks to aesthetic medicine: increase of the volume, correction the orange peel effect.\",\"breadcrumb\":{\"@id\":\"https:\/\/christophelaveaux.fr\/en\/aesthetic-medicine\/aesthetic-medicine-face-neck\/chin\/#breadcrumb\"},\"inLanguage\":\"en-US\",\"potentialAction\":[{\"@type\":\"ReadAction\",\"target\":[\"https:\/\/christophelaveaux.fr\/en\/aesthetic-medicine\/aesthetic-medicine-face-neck\/chin\/\"]}]},{\"@type\":\"ImageObject\",\"inLanguage\":\"en-US\",\"@id\":\"https:\/\/christophelaveaux.fr\/en\/aesthetic-medicine\/aesthetic-medicine-face-neck\/chin\/#primaryimage\",\"url\":\"https:\/\/christophelaveaux.fr\/wp-content\/uploads\/2022\/06\/avancee-du-menton.jpg\",\"contentUrl\":\"https:\/\/christophelaveaux.fr\/wp-content\/uploads\/2022\/06\/avancee-du-menton.jpg\"},{\"@type\":\"BreadcrumbList\",\"@id\":\"https:\/\/christophelaveaux.fr\/en\/aesthetic-medicine\/aesthetic-medicine-face-neck\/chin\/#breadcrumb\",\"itemListElement\":[{\"@type\":\"ListItem\",\"position\":1,\"name\":\"Accueil\",\"item\":\"https:\/\/christophelaveaux.fr\/en\/\"},{\"@type\":\"ListItem\",\"position\":2,\"name\":\"Aesthetic Medicine\",\"item\":\"https:\/\/christophelaveaux.fr\/en\/aesthetic-medicine\/\"},{\"@type\":\"ListItem\",\"position\":3,\"name\":\"Aesthetic medicine &#8211; Face &#038; neck\",\"item\":\"https:\/\/christophelaveaux.fr\/en\/aesthetic-medicine\/aesthetic-medicine-face-neck\/\"},{\"@type\":\"ListItem\",\"position\":4,\"name\":\"Chin\"}]},{\"@type\":\"WebSite\",\"@id\":\"https:\/\/christophelaveaux.fr\/en\/#website\",\"url\":\"https:\/\/christophelaveaux.fr\/en\/\",\"name\":\"Dr Christophe Laveaux\",\"description\":\"Chirurgien Esth\u00e9tique \u2022 Cannes\",\"potentialAction\":[{\"@type\":\"SearchAction\",\"target\":{\"@type\":\"EntryPoint\",\"urlTemplate\":\"https:\/\/christophelaveaux.fr\/en\/?s={search_term_string}\"},\"query-input\":{\"@type\":\"PropertyValueSpecification\",\"valueRequired\":true,\"valueName\":\"search_term_string\"}}],\"inLanguage\":\"en-US\"}]}<\/script>\n<!-- \/ Yoast SEO plugin. -->","yoast_head_json":{"title":"Aesthetic medicine of the chin in Cannes, French Riviera | Dr Laveaux","description":"Several modifications can be made to the chin thanks to aesthetic medicine: increase of the volume, correction the orange peel effect.","robots":{"index":"index","follow":"follow","max-snippet":"max-snippet:-1","max-image-preview":"max-image-preview:large","max-video-preview":"max-video-preview:-1"},"canonical":"https:\/\/christophelaveaux.fr\/en\/aesthetic-medicine\/aesthetic-medicine-face-neck\/chin\/","og_locale":"en_US","og_type":"article","og_title":"Aesthetic medicine of the chin in Cannes, French Riviera | Dr Laveaux","og_description":"Several modifications can be made to the chin thanks to aesthetic medicine: increase of the volume, correction the orange peel effect.","og_url":"https:\/\/christophelaveaux.fr\/en\/aesthetic-medicine\/aesthetic-medicine-face-neck\/chin\/","og_site_name":"Dr Christophe Laveaux","article_modified_time":"2022-07-08T08:23:08+00:00","og_image":[{"url":"https:\/\/christophelaveaux.fr\/wp-content\/uploads\/2022\/06\/avancee-du-menton.jpg","type":"","width":"","height":""}],"twitter_card":"summary_large_image","twitter_misc":{"Est. reading time":"1 minute"},"schema":{"@context":"https:\/\/schema.org","@graph":[{"@type":"WebPage","@id":"https:\/\/christophelaveaux.fr\/en\/aesthetic-medicine\/aesthetic-medicine-face-neck\/chin\/","url":"https:\/\/christophelaveaux.fr\/en\/aesthetic-medicine\/aesthetic-medicine-face-neck\/chin\/","name":"Aesthetic medicine of the chin in Cannes, French Riviera | Dr Laveaux","isPartOf":{"@id":"https:\/\/christophelaveaux.fr\/en\/#website"},"primaryImageOfPage":{"@id":"https:\/\/christophelaveaux.fr\/en\/aesthetic-medicine\/aesthetic-medicine-face-neck\/chin\/#primaryimage"},"image":{"@id":"https:\/\/christophelaveaux.fr\/en\/aesthetic-medicine\/aesthetic-medicine-face-neck\/chin\/#primaryimage"},"thumbnailUrl":"https:\/\/christophelaveaux.fr\/wp-content\/uploads\/2022\/06\/avancee-du-menton.jpg","datePublished":"2021-05-24T09:02:27+00:00","dateModified":"2022-07-08T08:23:08+00:00","description":"Several modifications can be made to the chin thanks to aesthetic medicine: increase of the volume, correction the orange peel effect.","breadcrumb":{"@id":"https:\/\/christophelaveaux.fr\/en\/aesthetic-medicine\/aesthetic-medicine-face-neck\/chin\/#breadcrumb"},"inLanguage":"en-US","potentialAction":[{"@type":"ReadAction","target":["https:\/\/christophelaveaux.fr\/en\/aesthetic-medicine\/aesthetic-medicine-face-neck\/chin\/"]}]},{"@type":"ImageObject","inLanguage":"en-US","@id":"https:\/\/christophelaveaux.fr\/en\/aesthetic-medicine\/aesthetic-medicine-face-neck\/chin\/#primaryimage","url":"https:\/\/christophelaveaux.fr\/wp-content\/uploads\/2022\/06\/avancee-du-menton.jpg","contentUrl":"https:\/\/christophelaveaux.fr\/wp-content\/uploads\/2022\/06\/avancee-du-menton.jpg"},{"@type":"BreadcrumbList","@id":"https:\/\/christophelaveaux.fr\/en\/aesthetic-medicine\/aesthetic-medicine-face-neck\/chin\/#breadcrumb","itemListElement":[{"@type":"ListItem","position":1,"name":"Accueil","item":"https:\/\/christophelaveaux.fr\/en\/"},{"@type":"ListItem","position":2,"name":"Aesthetic Medicine","item":"https:\/\/christophelaveaux.fr\/en\/aesthetic-medicine\/"},{"@type":"ListItem","position":3,"name":"Aesthetic medicine &#8211; Face &#038; neck","item":"https:\/\/christophelaveaux.fr\/en\/aesthetic-medicine\/aesthetic-medicine-face-neck\/"},{"@type":"ListItem","position":4,"name":"Chin"}]},{"@type":"WebSite","@id":"https:\/\/christophelaveaux.fr\/en\/#website","url":"https:\/\/christophelaveaux.fr\/en\/","name":"Dr Christophe Laveaux","description":"Chirurgien Esth\u00e9tique \u2022 Cannes","potentialAction":[{"@type":"SearchAction","target":{"@type":"EntryPoint","urlTemplate":"https:\/\/christophelaveaux.fr\/en\/?s={search_term_string}"},"query-input":{"@type":"PropertyValueSpecification","valueRequired":true,"valueName":"search_term_string"}}],"inLanguage":"en-US"}]}},"_links":{"self":[{"href":"https:\/\/christophelaveaux.fr\/en\/wp-json\/wp\/v2\/pages\/5882","targetHints":{"allow":["GET"]}}],"collection":[{"href":"https:\/\/christophelaveaux.fr\/en\/wp-json\/wp\/v2\/pages"}],"about":[{"href":"https:\/\/christophelaveaux.fr\/en\/wp-json\/wp\/v2\/types\/page"}],"author":[{"embeddable":true,"href":"https:\/\/christophelaveaux.fr\/en\/wp-json\/wp\/v2\/users\/2"}],"replies":[{"embeddable":true,"href":"https:\/\/christophelaveaux.fr\/en\/wp-json\/wp\/v2\/comments?post=5882"}],"version-history":[{"count":10,"href":"https:\/\/christophelaveaux.fr\/en\/wp-json\/wp\/v2\/pages\/5882\/revisions"}],"predecessor-version":[{"id":7475,"href":"https:\/\/christophelaveaux.fr\/en\/wp-json\/wp\/v2\/pages\/5882\/revisions\/7475"}],"up":[{"embeddable":true,"href":"https:\/\/christophelaveaux.fr\/en\/wp-json\/wp\/v2\/pages\/5838"}],"wp:attachment":[{"href":"https:\/\/christophelaveaux.fr\/en\/wp-json\/wp\/v2\/media?parent=5882"}],"curies":[{"name":"wp","href":"https:\/\/api.w.org\/{rel}","templated":true}]}}