{"id":5922,"date":"2021-05-24T11:02:50","date_gmt":"2021-05-24T09:02:50","guid":{"rendered":"https:\/\/christophelaveaux.fr\/aesthetic-medicine\/smile\/augmentation-des-levres\/"},"modified":"2022-07-08T15:10:45","modified_gmt":"2022-07-08T13:10:45","slug":"lip-augmentation","status":"publish","type":"page","link":"https:\/\/christophelaveaux.fr\/en\/aesthetic-medicine\/smile\/lip-augmentation\/","title":{"rendered":"Lip augmentation"},"content":{"rendered":"<h1>Lip augmentation<\/h1>\n<div>\u2022 Lip Augmentation \u2022<\/div>\n<h2>Lip Augmentation <\/h2>\n<div>\n<p>For patients wishing to temporarily<strong> increase the volume of lips<\/strong> <a href=\"\/en\/aesthetic-medicine\/main-techniques\/hyaluronic-acid-and-skinboosters\/\">hyaluronic acid injections<\/a>  are the solution.<\/p>\n<p>Injections take place in the consultation office after local anaesthesia.<\/p>\n<p>The result is immediate, however, only definitive a few days later once the swelling has gone down.<\/p>\n<p>With the right volume injected <strong>the result is natural and discreet<\/strong>.<\/p>\n<p>It lasts from 6 to 12 months on average. Hyaluronic acid injections can then either be renewed, or more durable solutions can be considered (permalip implant, lipofilling, &#8230;)<\/p>\n<\/div>\n<h3>Before \/ After<\/h3>\n<ul>\n<li>\n<h3>Natural augmentation<\/h3>\n<div>\n<p><img loading=\"lazy\" decoding=\"async\" src=\"https:\/\/christophelaveaux.fr\/wp-content\/uploads\/2022\/06\/Augmentation_Volume_Levres-avant-apres_03-1.jpg\" alt=\"Augmentation du volume des l\u00e8vres - acide Hyaluronique \u00e0 Cannes, C\u00f4te d'Azur\" width=\"800\" height=\"128\" class=\"aligncenter size-full wp-image-6805\" srcset=\"https:\/\/christophelaveaux.fr\/wp-content\/uploads\/2022\/06\/Augmentation_Volume_Levres-avant-apres_03-1.jpg 800w, https:\/\/christophelaveaux.fr\/wp-content\/uploads\/2022\/06\/Augmentation_Volume_Levres-avant-apres_03-1-300x48.jpg 300w, https:\/\/christophelaveaux.fr\/wp-content\/uploads\/2022\/06\/Augmentation_Volume_Levres-avant-apres_03-1-768x123.jpg 768w\" sizes=\"(max-width: 800px) 100vw, 800px\" \/><br \/><em>Natural lip augmentation with hyaluronic acid <\/em><\/p>\n<\/div>\n<\/li>\n<li>\n<h3>Moderate augmentation<\/h3>\n<div>\n<p><img loading=\"lazy\" decoding=\"async\" src=\"https:\/\/christophelaveaux.fr\/wp-content\/uploads\/2022\/06\/Augmentation_Volume_Levres-avant-apres_04.jpg\" alt=\"Injections acide hyaluronique dans les l\u00e8vres \u00e0 Cannes, Antibes, Monaco\" width=\"800\" height=\"128\" class=\"aligncenter wp-image-6794 size-full\" srcset=\"https:\/\/christophelaveaux.fr\/wp-content\/uploads\/2022\/06\/Augmentation_Volume_Levres-avant-apres_04.jpg 800w, https:\/\/christophelaveaux.fr\/wp-content\/uploads\/2022\/06\/Augmentation_Volume_Levres-avant-apres_04-300x48.jpg 300w, https:\/\/christophelaveaux.fr\/wp-content\/uploads\/2022\/06\/Augmentation_Volume_Levres-avant-apres_04-768x123.jpg 768w\" sizes=\"(max-width: 800px) 100vw, 800px\" \/><br \/><em>Moderate lip augmentation with hyaluronic acid <\/em><\/p>\n<\/div>\n<\/li>\n<li>\n<h3>Significant augmentation<\/h3>\n<div>\n<p><img loading=\"lazy\" decoding=\"async\" src=\"https:\/\/christophelaveaux.fr\/wp-content\/uploads\/2022\/06\/Augmentation_Volume_Levres-avant-apres_05.jpg\" alt=\"Augmentation importante des l\u00e8vres \u00e0 l\u2019acide hyaluronique \u00e0 Cannes \u00ab\u00a0Russian lips\u00a0\u00bb.\" width=\"800\" height=\"128\" class=\"aligncenter wp-image-6797 size-full\" srcset=\"https:\/\/christophelaveaux.fr\/wp-content\/uploads\/2022\/06\/Augmentation_Volume_Levres-avant-apres_05.jpg 800w, https:\/\/christophelaveaux.fr\/wp-content\/uploads\/2022\/06\/Augmentation_Volume_Levres-avant-apres_05-300x48.jpg 300w, https:\/\/christophelaveaux.fr\/wp-content\/uploads\/2022\/06\/Augmentation_Volume_Levres-avant-apres_05-768x123.jpg 768w\" sizes=\"(max-width: 800px) 100vw, 800px\" \/><br \/><em>Significant hyaluronic acid lip augmentation with &#8220;Russian lips&#8221; technique. <\/em><\/p>\n<\/div>\n<\/li>\n<\/ul>\n<p><img decoding=\"async\" src=\"\/wp-content\/uploads\/2021\/08\/medecine-esthetique_augmentation-des-levres-christophe-laveaux-cannes-scaled.jpg\" alt=\"Augmentation des l\u00e8vres \u00e0 Cannes - injections d'acide hyaluronique - Dr Laveaux\"><\/p>\n<p><!--more--><br \/>\n<!-- {\"name\":\"*** Template \\\/\\\/ 3e Niveau ---bis--- (avec lorem ipsum \\\/\\\/ Chirurgie des l\\u00e8vres)\",\"type\":\"layout\",\"children\":[{\"name\":\"About\",\"type\":\"section\",\"props\":{\"style\":\"muted\",\"width\":\"xlarge\",\"image_position\":\"bottom-left\",\"padding\":\"none\",\"vertical_align\":\"middle\",\"title_position\":\"top-left\",\"title_rotation\":\"left\",\"title_breakpoint\":\"xl\",\"image\":\"wp-content\\\/uploads\\\/2021\\\/07\\\/background-feuilles-or-repris.svg\",\"width_expand\":\"right\",\"padding_remove_horizontal\":true,\"image_effect\":\"fixed\"},\"children\":[{\"name\":\"\",\"type\":\"row\",\"props\":{\"layout\":\"2-3,1-3\",\"vertical_align\":false,\"match\":false,\"column_gap\":\"collapse\",\"row_gap\":\"collapse\",\"width_expand\":\"right\"},\"children\":[{\"name\":\"\",\"type\":\"column\",\"props\":{\"image_position\":\"top-center\",\"style\":\"default\",\"padding\":\"xlarge\",\"width_medium\":\"2-3\",\"media_overlay_gradient\":\"\",\"image\":\"wp-content\\\/uploads\\\/2021\\\/06\\\/cadre-top-left-laveaux.svg\",\"position_sticky_breakpoint\":\"m\"},\"children\":[{\"type\":\"breadcrumbs\",\"props\":{\"show_home\":true,\"show_current\":true}},{\"name\":\"*** \n\n<h1> ***\",\"type\":\"headline\",\"props\":{\"title_element\":\"h1\",\"content\":\"Lip augmentation\",\"title_style\":\"heading-medium\",\"margin\":\"medium\",\"title_font_family\":\"primary\",\"margin_remove_bottom\":true}},{\"type\":\"text\",\"props\":{\"margin\":\"small\",\"column_breakpoint\":\"m\",\"text_style\":\"meta\",\"content\":\"\\u2022 Lip Augmentation \\u2022\",\"margin_remove_top\":false}},{\"name\":\"*** \n\n<h2> ***\",\"type\":\"headline\",\"props\":{\"title_element\":\"h2\",\"content\":\"Lip Augmentation \",\"margin\":\"large\",\"margin_remove_bottom\":true,\"title_decoration\":\"line\"}},{\"name\":\"\",\"type\":\"text\",\"props\":{\"column_breakpoint\":\"m\",\"margin\":\"medium\",\"content\":\"\n\n<p>For patients wishing to temporarily<strong> increase the volume of lips<\\\/strong> <a href=\\\"\\\/en\\\/aesthetic-medicine\\\/main-techniques\\\/hyaluronic-acid-and-skinboosters\\\/\\\">hyaluronic acid injections<\\\/a>  are the solution.<\\\/p>\\n\n\n<p>Injections take place in the consultation office after local anaesthesia.<\\\/p>\\n\n\n<p>The result is immediate, however, only definitive a few days later once the swelling has gone down.<\\\/p>\\n\n\n<p>With the right volume injected <strong>the result is natural and discreet<\\\/strong>.<\\\/p>\\n\n\n<p>It lasts from 6 to 12 months on average. Hyaluronic acid injections can then either be renewed, or more durable solutions can be considered (permalip implant, lipofilling, ...)<\\\/p>\",\"text_align\":\"justify\"}},{\"name\":\"*** \n\n<h3> ***\",\"type\":\"headline\",\"props\":{\"title_element\":\"h3\",\"content\":\"Before \\\/ After\",\"margin\":\"large\",\"margin_remove_bottom\":true,\"title_decoration\":\"line\"}},{\"type\":\"accordion\",\"props\":{\"show_image\":true,\"show_link\":true,\"collapsible\":true,\"content_column_breakpoint\":\"m\",\"image_svg_color\":\"emphasis\",\"image_align\":\"top\",\"image_grid_width\":\"1-2\",\"image_grid_breakpoint\":\"m\",\"link_text\":\"Read more\",\"link_style\":\"default\",\"margin\":\"medium\",\"css\":\".el-element {background: #f7f7fa; padding: 20px;}\"},\"children\":[{\"type\":\"accordion_item\",\"props\":{\"content\":\"\n\n<p><img src=\\\"https:\\\/\\\/christophelaveaux.fr\\\/wp-content\\\/uploads\\\/2022\\\/06\\\/Augmentation_Volume_Levres-avant-apres_03-1.jpg\\\" alt=\\\"Augmentation du volume des l\\u00e8vres - acide Hyaluronique \\u00e0 Cannes, C\\u00f4te d'Azur\\\" width=\\\"800\\\" height=\\\"128\\\" class=\\\"aligncenter size-full wp-image-6805\\\" \\\/><br \\\/><em>Natural lip augmentation with hyaluronic acid <\\\/em><\\\/p>\",\"title\":\"Natural augmentation\"}},{\"type\":\"accordion_item\",\"props\":{\"content\":\"\n\n<p><img src=\\\"https:\\\/\\\/christophelaveaux.fr\\\/wp-content\\\/uploads\\\/2022\\\/06\\\/Augmentation_Volume_Levres-avant-apres_04.jpg\\\" alt=\\\"Injections acide hyaluronique dans les l\\u00e8vres \\u00e0 Cannes, Antibes, Monaco\\\" width=\\\"800\\\" height=\\\"128\\\" class=\\\"aligncenter wp-image-6794 size-full\\\" \\\/><br \\\/><em>Moderate lip augmentation with hyaluronic acid <\\\/em><\\\/p>\",\"title\":\"Moderate augmentation\"}},{\"type\":\"accordion_item\",\"props\":{\"content\":\"\n\n<p><img src=\\\"https:\\\/\\\/christophelaveaux.fr\\\/wp-content\\\/uploads\\\/2022\\\/06\\\/Augmentation_Volume_Levres-avant-apres_05.jpg\\\" alt=\\\"Augmentation importante des l\\u00e8vres \\u00e0 l\\u2019acide hyaluronique \\u00e0 Cannes \\u00ab\\u00a0Russian lips\\u00a0\\u00bb.\\\" width=\\\"800\\\" height=\\\"128\\\" class=\\\"aligncenter wp-image-6797 size-full\\\" \\\/><br \\\/><em>Significant hyaluronic acid lip augmentation with \\\"Russian lips\\\" technique. <\\\/em><\\\/p>\",\"title\":\"Significant augmentation\"}}]}]},{\"name\":\"\",\"type\":\"column\",\"props\":{\"image_position\":\"center-center\",\"image\":\"\",\"style\":\"muted\",\"padding\":\"none\",\"width_medium\":\"1-3\",\"media_overlay_gradient\":\"\",\"position_sticky_breakpoint\":\"m\"},\"children\":[{\"type\":\"image\",\"props\":{\"margin\":\"remove-vertical\",\"image_svg_color\":\"emphasis\",\"image\":\"wp-content\\\/uploads\\\/2021\\\/08\\\/medecine-esthetique_augmentation-des-levres-christophe-laveaux-cannes-scaled.jpg\",\"text_align\":\"right\",\"image_alt\":\"Augmentation des l\\u00e8vres \\u00e0 Cannes - injections d'acide hyaluronique - Dr Laveaux\",\"visibility\":\"s\"}}]}]}]}],\"version\":\"2.7.22\"} --><\/p>\n","protected":false},"excerpt":{"rendered":"<p>Lip augmentation \u2022 Lip Augmentation \u2022 Lip Augmentation For patients wishing to temporarily increase the volume of lips hyaluronic acid injections are the solution. Injections take place in the consultation office after local anaesthesia. The result is immediate, however, only definitive a few days later once the swelling has gone down. With the right volume [&hellip;]<\/p>\n","protected":false},"author":2,"featured_media":0,"parent":5906,"menu_order":1,"comment_status":"closed","ping_status":"closed","template":"","meta":{"footnotes":""},"class_list":["post-5922","page","type-page","status-publish","hentry"],"yoast_head":"<!-- This site is optimized with the Yoast SEO plugin v25.3 - https:\/\/yoast.com\/wordpress\/plugins\/seo\/ -->\n<title>Lip augmentation in Cannes, Monaco on the French Riviera | Dr Laveaux<\/title>\n<meta name=\"description\" content=\"For patients wishing to temporarily increase the volume of lips, hyaluronic acid injections are the solution.\" \/>\n<meta name=\"robots\" content=\"index, follow, max-snippet:-1, max-image-preview:large, max-video-preview:-1\" \/>\n<link rel=\"canonical\" href=\"https:\/\/christophelaveaux.fr\/en\/aesthetic-medicine\/smile\/lip-augmentation\/\" \/>\n<meta property=\"og:locale\" content=\"en_US\" \/>\n<meta property=\"og:type\" content=\"article\" \/>\n<meta property=\"og:title\" content=\"Lip augmentation in Cannes, Monaco on the French Riviera | Dr Laveaux\" \/>\n<meta property=\"og:description\" content=\"For patients wishing to temporarily increase the volume of lips, hyaluronic acid injections are the solution.\" \/>\n<meta property=\"og:url\" content=\"https:\/\/christophelaveaux.fr\/en\/aesthetic-medicine\/smile\/lip-augmentation\/\" \/>\n<meta property=\"og:site_name\" content=\"Dr Christophe Laveaux\" \/>\n<meta property=\"article:modified_time\" content=\"2022-07-08T13:10:45+00:00\" \/>\n<meta property=\"og:image\" content=\"https:\/\/christophelaveaux.fr\/wp-content\/uploads\/2022\/06\/Augmentation_Volume_Levres-avant-apres_03-1.jpg\" \/>\n<meta name=\"twitter:card\" content=\"summary_large_image\" \/>\n<meta name=\"twitter:label1\" content=\"Est. reading time\" \/>\n\t<meta name=\"twitter:data1\" content=\"1 minute\" \/>\n<script type=\"application\/ld+json\" class=\"yoast-schema-graph\">{\"@context\":\"https:\/\/schema.org\",\"@graph\":[{\"@type\":\"WebPage\",\"@id\":\"https:\/\/christophelaveaux.fr\/en\/aesthetic-medicine\/smile\/lip-augmentation\/\",\"url\":\"https:\/\/christophelaveaux.fr\/en\/aesthetic-medicine\/smile\/lip-augmentation\/\",\"name\":\"Lip augmentation in Cannes, Monaco on the French Riviera | Dr Laveaux\",\"isPartOf\":{\"@id\":\"https:\/\/christophelaveaux.fr\/en\/#website\"},\"primaryImageOfPage\":{\"@id\":\"https:\/\/christophelaveaux.fr\/en\/aesthetic-medicine\/smile\/lip-augmentation\/#primaryimage\"},\"image\":{\"@id\":\"https:\/\/christophelaveaux.fr\/en\/aesthetic-medicine\/smile\/lip-augmentation\/#primaryimage\"},\"thumbnailUrl\":\"https:\/\/christophelaveaux.fr\/wp-content\/uploads\/2022\/06\/Augmentation_Volume_Levres-avant-apres_03-1.jpg\",\"datePublished\":\"2021-05-24T09:02:50+00:00\",\"dateModified\":\"2022-07-08T13:10:45+00:00\",\"description\":\"For patients wishing to temporarily increase the volume of lips, hyaluronic acid injections are the solution.\",\"breadcrumb\":{\"@id\":\"https:\/\/christophelaveaux.fr\/en\/aesthetic-medicine\/smile\/lip-augmentation\/#breadcrumb\"},\"inLanguage\":\"en-US\",\"potentialAction\":[{\"@type\":\"ReadAction\",\"target\":[\"https:\/\/christophelaveaux.fr\/en\/aesthetic-medicine\/smile\/lip-augmentation\/\"]}]},{\"@type\":\"ImageObject\",\"inLanguage\":\"en-US\",\"@id\":\"https:\/\/christophelaveaux.fr\/en\/aesthetic-medicine\/smile\/lip-augmentation\/#primaryimage\",\"url\":\"https:\/\/christophelaveaux.fr\/wp-content\/uploads\/2022\/06\/Augmentation_Volume_Levres-avant-apres_03-1.jpg\",\"contentUrl\":\"https:\/\/christophelaveaux.fr\/wp-content\/uploads\/2022\/06\/Augmentation_Volume_Levres-avant-apres_03-1.jpg\"},{\"@type\":\"BreadcrumbList\",\"@id\":\"https:\/\/christophelaveaux.fr\/en\/aesthetic-medicine\/smile\/lip-augmentation\/#breadcrumb\",\"itemListElement\":[{\"@type\":\"ListItem\",\"position\":1,\"name\":\"Accueil\",\"item\":\"https:\/\/christophelaveaux.fr\/en\/\"},{\"@type\":\"ListItem\",\"position\":2,\"name\":\"Aesthetic Medicine\",\"item\":\"https:\/\/christophelaveaux.fr\/en\/aesthetic-medicine\/\"},{\"@type\":\"ListItem\",\"position\":3,\"name\":\"Smile\",\"item\":\"https:\/\/christophelaveaux.fr\/en\/aesthetic-medicine\/smile\/\"},{\"@type\":\"ListItem\",\"position\":4,\"name\":\"Lip augmentation\"}]},{\"@type\":\"WebSite\",\"@id\":\"https:\/\/christophelaveaux.fr\/en\/#website\",\"url\":\"https:\/\/christophelaveaux.fr\/en\/\",\"name\":\"Dr Christophe Laveaux\",\"description\":\"Chirurgien Esth\u00e9tique \u2022 Cannes\",\"potentialAction\":[{\"@type\":\"SearchAction\",\"target\":{\"@type\":\"EntryPoint\",\"urlTemplate\":\"https:\/\/christophelaveaux.fr\/en\/?s={search_term_string}\"},\"query-input\":{\"@type\":\"PropertyValueSpecification\",\"valueRequired\":true,\"valueName\":\"search_term_string\"}}],\"inLanguage\":\"en-US\"}]}<\/script>\n<!-- \/ Yoast SEO plugin. -->","yoast_head_json":{"title":"Lip augmentation in Cannes, Monaco on the French Riviera | Dr Laveaux","description":"For patients wishing to temporarily increase the volume of lips, hyaluronic acid injections are the solution.","robots":{"index":"index","follow":"follow","max-snippet":"max-snippet:-1","max-image-preview":"max-image-preview:large","max-video-preview":"max-video-preview:-1"},"canonical":"https:\/\/christophelaveaux.fr\/en\/aesthetic-medicine\/smile\/lip-augmentation\/","og_locale":"en_US","og_type":"article","og_title":"Lip augmentation in Cannes, Monaco on the French Riviera | Dr Laveaux","og_description":"For patients wishing to temporarily increase the volume of lips, hyaluronic acid injections are the solution.","og_url":"https:\/\/christophelaveaux.fr\/en\/aesthetic-medicine\/smile\/lip-augmentation\/","og_site_name":"Dr Christophe Laveaux","article_modified_time":"2022-07-08T13:10:45+00:00","og_image":[{"url":"https:\/\/christophelaveaux.fr\/wp-content\/uploads\/2022\/06\/Augmentation_Volume_Levres-avant-apres_03-1.jpg","type":"","width":"","height":""}],"twitter_card":"summary_large_image","twitter_misc":{"Est. reading time":"1 minute"},"schema":{"@context":"https:\/\/schema.org","@graph":[{"@type":"WebPage","@id":"https:\/\/christophelaveaux.fr\/en\/aesthetic-medicine\/smile\/lip-augmentation\/","url":"https:\/\/christophelaveaux.fr\/en\/aesthetic-medicine\/smile\/lip-augmentation\/","name":"Lip augmentation in Cannes, Monaco on the French Riviera | Dr Laveaux","isPartOf":{"@id":"https:\/\/christophelaveaux.fr\/en\/#website"},"primaryImageOfPage":{"@id":"https:\/\/christophelaveaux.fr\/en\/aesthetic-medicine\/smile\/lip-augmentation\/#primaryimage"},"image":{"@id":"https:\/\/christophelaveaux.fr\/en\/aesthetic-medicine\/smile\/lip-augmentation\/#primaryimage"},"thumbnailUrl":"https:\/\/christophelaveaux.fr\/wp-content\/uploads\/2022\/06\/Augmentation_Volume_Levres-avant-apres_03-1.jpg","datePublished":"2021-05-24T09:02:50+00:00","dateModified":"2022-07-08T13:10:45+00:00","description":"For patients wishing to temporarily increase the volume of lips, hyaluronic acid injections are the solution.","breadcrumb":{"@id":"https:\/\/christophelaveaux.fr\/en\/aesthetic-medicine\/smile\/lip-augmentation\/#breadcrumb"},"inLanguage":"en-US","potentialAction":[{"@type":"ReadAction","target":["https:\/\/christophelaveaux.fr\/en\/aesthetic-medicine\/smile\/lip-augmentation\/"]}]},{"@type":"ImageObject","inLanguage":"en-US","@id":"https:\/\/christophelaveaux.fr\/en\/aesthetic-medicine\/smile\/lip-augmentation\/#primaryimage","url":"https:\/\/christophelaveaux.fr\/wp-content\/uploads\/2022\/06\/Augmentation_Volume_Levres-avant-apres_03-1.jpg","contentUrl":"https:\/\/christophelaveaux.fr\/wp-content\/uploads\/2022\/06\/Augmentation_Volume_Levres-avant-apres_03-1.jpg"},{"@type":"BreadcrumbList","@id":"https:\/\/christophelaveaux.fr\/en\/aesthetic-medicine\/smile\/lip-augmentation\/#breadcrumb","itemListElement":[{"@type":"ListItem","position":1,"name":"Accueil","item":"https:\/\/christophelaveaux.fr\/en\/"},{"@type":"ListItem","position":2,"name":"Aesthetic Medicine","item":"https:\/\/christophelaveaux.fr\/en\/aesthetic-medicine\/"},{"@type":"ListItem","position":3,"name":"Smile","item":"https:\/\/christophelaveaux.fr\/en\/aesthetic-medicine\/smile\/"},{"@type":"ListItem","position":4,"name":"Lip augmentation"}]},{"@type":"WebSite","@id":"https:\/\/christophelaveaux.fr\/en\/#website","url":"https:\/\/christophelaveaux.fr\/en\/","name":"Dr Christophe Laveaux","description":"Chirurgien Esth\u00e9tique \u2022 Cannes","potentialAction":[{"@type":"SearchAction","target":{"@type":"EntryPoint","urlTemplate":"https:\/\/christophelaveaux.fr\/en\/?s={search_term_string}"},"query-input":{"@type":"PropertyValueSpecification","valueRequired":true,"valueName":"search_term_string"}}],"inLanguage":"en-US"}]}},"_links":{"self":[{"href":"https:\/\/christophelaveaux.fr\/en\/wp-json\/wp\/v2\/pages\/5922","targetHints":{"allow":["GET"]}}],"collection":[{"href":"https:\/\/christophelaveaux.fr\/en\/wp-json\/wp\/v2\/pages"}],"about":[{"href":"https:\/\/christophelaveaux.fr\/en\/wp-json\/wp\/v2\/types\/page"}],"author":[{"embeddable":true,"href":"https:\/\/christophelaveaux.fr\/en\/wp-json\/wp\/v2\/users\/2"}],"replies":[{"embeddable":true,"href":"https:\/\/christophelaveaux.fr\/en\/wp-json\/wp\/v2\/comments?post=5922"}],"version-history":[{"count":13,"href":"https:\/\/christophelaveaux.fr\/en\/wp-json\/wp\/v2\/pages\/5922\/revisions"}],"predecessor-version":[{"id":7664,"href":"https:\/\/christophelaveaux.fr\/en\/wp-json\/wp\/v2\/pages\/5922\/revisions\/7664"}],"up":[{"embeddable":true,"href":"https:\/\/christophelaveaux.fr\/en\/wp-json\/wp\/v2\/pages\/5906"}],"wp:attachment":[{"href":"https:\/\/christophelaveaux.fr\/en\/wp-json\/wp\/v2\/media?parent=5922"}],"curies":[{"name":"wp","href":"https:\/\/api.w.org\/{rel}","templated":true}]}}