{"id":5994,"date":"2021-05-24T11:04:09","date_gmt":"2021-05-24T09:04:09","guid":{"rendered":"https:\/\/christophelaveaux.fr\/aesthetic-medicine\/gaze\/tempes-sourcils\/"},"modified":"2022-07-08T14:22:28","modified_gmt":"2022-07-08T12:22:28","slug":"temples-eyebrows","status":"publish","type":"page","link":"https:\/\/christophelaveaux.fr\/en\/aesthetic-medicine\/gaze\/temples-eyebrows\/","title":{"rendered":"Temples &#038; eyebrows"},"content":{"rendered":"<h1>Temples and eyebrows<\/h1>\n<div>\u2022 Hollow of the temples \u2022 Increase in fullness of the eyebrows \u2022 Eyebrow lifting \u2022<\/div>\n<h2>Temples and eyebrows<\/h2>\n<div>\n<p>Temples hollow with ageing and\/or weight loss.  <a href=\"\/en\/aesthetic-medicine\/main-techniques\/hyaluronic-acid-and-skinboosters\/\">Hyaluronic acid <\/a> injections or <a href=\"\/en\/aesthetic-medicine\/main-techniques\/dermal-fillers\/\">collagen dermal fillers<\/a> are suitable for a temporary correction.<\/p>\n<p><strong>The fullness of eyebrows can also be increased for a rejuvenating effect<\/strong> by applying injections of <a href=\"\/en\/aesthetic-medicine\/main-techniques\/hyaluronic-acid-and-skinboosters\/\">hyaluronic acid<\/a> in the Charpy\u2019s fat pad area. Results last for about 12 months.<\/p>\n<p>Finally, a slight <strong>eyebrow lifting<\/strong> effect can be achieved thanks to <a href=\"\/en\/aesthetic-medicine\/main-techniques\/botulinum-toxin-injections\/\">botulinum toxin injections<\/a>. These can be applied either to the outer end of the eyebrows (eyebrow tail) or at the inner corner (beginning of eyebrow in the inter-eyebrow area) or globally by lifting the entire eyebrow. This lifting effect lasts about 6 months before the treatment should be renewed.<\/p>\n<\/div>\n<div>\n<h3>Before \/ After<\/h3>\n<div>\n<p><img loading=\"lazy\" decoding=\"async\" src=\"https:\/\/christophelaveaux.fr\/wp-content\/uploads\/2022\/06\/injection-botox-cannes-avant-apres-1.jpg\" alt=\"Traitement par toxine botulique \u00e0 Cannes Alpes Maritimes\" width=\"800\" height=\"351\" class=\"aligncenter size-full wp-image-7217\" srcset=\"https:\/\/christophelaveaux.fr\/wp-content\/uploads\/2022\/06\/injection-botox-cannes-avant-apres-1.jpg 800w, https:\/\/christophelaveaux.fr\/wp-content\/uploads\/2022\/06\/injection-botox-cannes-avant-apres-1-300x132.jpg 300w, https:\/\/christophelaveaux.fr\/wp-content\/uploads\/2022\/06\/injection-botox-cannes-avant-apres-1-768x337.jpg 768w\" sizes=\"(max-width: 800px) 100vw, 800px\" \/><\/p>\n<p><em>Treatment of the upper face with botulinum toxin: the skin of the forehead is smoothed, the gaze rested and the tail of the eyebrows raised. <\/em><\/p>\n<\/div>\n<\/div>\n<p><img decoding=\"async\" src=\"\/wp-content\/uploads\/2021\/08\/medecine-esthetique_tempes-sourciles-dr-laveaux-cannes-scaled.jpg\" alt=\"M\u00e9decine esth\u00e9tique tempes et sourcils \u00e0 Cannes - Alpes Maritimes - Dr Laveaux\"><\/p>\n<p><!--more--><br \/>\n<!-- {\"name\":\"*** Template \\\/\\\/ 3e Niveau ---bis--- (avec lorem ipsum \\\/\\\/ Chirurgie des l\\u00e8vres)\",\"type\":\"layout\",\"children\":[{\"name\":\"About\",\"type\":\"section\",\"props\":{\"style\":\"muted\",\"width\":\"xlarge\",\"image_position\":\"bottom-left\",\"padding\":\"none\",\"vertical_align\":\"middle\",\"title_position\":\"top-left\",\"title_rotation\":\"left\",\"title_breakpoint\":\"xl\",\"image\":\"wp-content\\\/uploads\\\/2021\\\/07\\\/background-feuilles-or-repris.svg\",\"width_expand\":\"right\",\"padding_remove_horizontal\":true,\"image_effect\":\"fixed\"},\"children\":[{\"name\":\"\",\"type\":\"row\",\"props\":{\"layout\":\"2-3,1-3\",\"vertical_align\":false,\"match\":false,\"column_gap\":\"collapse\",\"row_gap\":\"collapse\",\"width_expand\":\"right\"},\"children\":[{\"name\":\"\",\"type\":\"column\",\"props\":{\"image_position\":\"top-center\",\"style\":\"default\",\"padding\":\"xlarge\",\"width_medium\":\"2-3\",\"media_overlay_gradient\":\"\",\"image\":\"wp-content\\\/uploads\\\/2021\\\/06\\\/cadre-top-left-laveaux.svg\",\"position_sticky_breakpoint\":\"m\"},\"children\":[{\"type\":\"breadcrumbs\",\"props\":{\"show_home\":true,\"show_current\":true}},{\"name\":\"*** \n\n<h1> ***\",\"type\":\"headline\",\"props\":{\"title_element\":\"h1\",\"content\":\"Temples and eyebrows\",\"title_style\":\"heading-medium\",\"margin\":\"medium\",\"title_font_family\":\"primary\",\"margin_remove_bottom\":true}},{\"type\":\"text\",\"props\":{\"margin\":\"small\",\"column_breakpoint\":\"m\",\"text_style\":\"meta\",\"content\":\"\\u2022 Hollow of the temples \\u2022 Increase in fullness of the eyebrows \\u2022 Eyebrow lifting \\u2022\",\"margin_remove_top\":false}},{\"name\":\"*** \n\n<h2> ***\",\"type\":\"headline\",\"props\":{\"title_element\":\"h2\",\"content\":\"Temples and eyebrows\",\"margin\":\"large\",\"margin_remove_bottom\":true,\"title_decoration\":\"line\"}},{\"name\":\"\",\"type\":\"text\",\"props\":{\"column_breakpoint\":\"m\",\"margin\":\"medium\",\"content\":\"\n\n<p>Temples hollow with ageing and\\\/or weight loss.  <a href=\\\"\\\/en\\\/aesthetic-medicine\\\/main-techniques\\\/hyaluronic-acid-and-skinboosters\\\/\\\">Hyaluronic acid <\\\/a> injections or <a href=\\\"\\\/en\\\/aesthetic-medicine\\\/main-techniques\\\/dermal-fillers\\\/\\\">collagen dermal fillers<\\\/a> are suitable for a temporary correction.<\\\/p>\\n\n\n<p><strong>The fullness of eyebrows can also be increased for a rejuvenating effect<\\\/strong> by applying injections of <a href=\\\"\\\/en\\\/aesthetic-medicine\\\/main-techniques\\\/hyaluronic-acid-and-skinboosters\\\/\\\">hyaluronic acid<\\\/a> in the Charpy\\u2019s fat pad area. Results last for about 12 months.<\\\/p>\\n\n\n<p>Finally, a slight <strong>eyebrow lifting<\\\/strong> effect can be achieved thanks to <a href=\\\"\\\/en\\\/aesthetic-medicine\\\/main-techniques\\\/botulinum-toxin-injections\\\/\\\">botulinum toxin injections<\\\/a>. These can be applied either to the outer end of the eyebrows (eyebrow tail) or at the inner corner (beginning of eyebrow in the inter-eyebrow area) or globally by lifting the entire eyebrow. This lifting effect lasts about 6 months before the treatment should be renewed.<\\\/p>\",\"text_align\":\"justify\"}},{\"type\":\"accordion\",\"props\":{\"show_image\":true,\"show_link\":true,\"collapsible\":true,\"content_column_breakpoint\":\"m\",\"image_svg_color\":\"emphasis\",\"image_align\":\"top\",\"image_grid_width\":\"1-2\",\"image_grid_breakpoint\":\"m\",\"link_text\":\"Read more\",\"link_style\":\"default\"},\"children\":[{\"type\":\"accordion_item\",\"props\":{\"title\":\"Before \\\/ After\",\"content\":\"\n\n<p><img src=\\\"https:\\\/\\\/christophelaveaux.fr\\\/wp-content\\\/uploads\\\/2022\\\/06\\\/injection-botox-cannes-avant-apres-1.jpg\\\" alt=\\\"Traitement par toxine botulique \\u00e0 Cannes Alpes Maritimes\\\" width=\\\"800\\\" height=\\\"351\\\" class=\\\"aligncenter size-full wp-image-7217\\\" \\\/><\\\/p>\\n\n\n<p><em>Treatment of the upper face with botulinum toxin: the skin of the forehead is smoothed, the gaze rested and the tail of the eyebrows raised. <\\\/em><\\\/p>\"}}]}]},{\"name\":\"\",\"type\":\"column\",\"props\":{\"image_position\":\"center-center\",\"image\":\"\",\"style\":\"muted\",\"padding\":\"none\",\"width_medium\":\"1-3\",\"media_overlay_gradient\":\"\",\"position_sticky_breakpoint\":\"m\"},\"children\":[{\"type\":\"image\",\"props\":{\"margin\":\"remove-vertical\",\"image_svg_color\":\"emphasis\",\"image\":\"wp-content\\\/uploads\\\/2021\\\/08\\\/medecine-esthetique_tempes-sourciles-dr-laveaux-cannes-scaled.jpg\",\"text_align\":\"right\",\"image_alt\":\"M\\u00e9decine esth\\u00e9tique tempes et sourcils \\u00e0 Cannes - Alpes Maritimes - Dr Laveaux\",\"visibility\":\"s\"}}]}]}]}],\"version\":\"2.7.22\"} --><\/p>\n","protected":false},"excerpt":{"rendered":"<p>Temples and eyebrows \u2022 Hollow of the temples \u2022 Increase in fullness of the eyebrows \u2022 Eyebrow lifting \u2022 Temples and eyebrows Temples hollow with ageing and\/or weight loss. Hyaluronic acid injections or collagen dermal fillers are suitable for a temporary correction. The fullness of eyebrows can also be increased for a rejuvenating effect by [&hellip;]<\/p>\n","protected":false},"author":2,"featured_media":0,"parent":5954,"menu_order":0,"comment_status":"closed","ping_status":"closed","template":"","meta":{"footnotes":""},"class_list":["post-5994","page","type-page","status-publish","hentry"],"yoast_head":"<!-- This site is optimized with the Yoast SEO plugin v25.3 - https:\/\/yoast.com\/wordpress\/plugins\/seo\/ -->\n<title>Aesthetic medicine of temples &amp; eyebrows in Cannes | Dr. Laveaux<\/title>\n<meta name=\"description\" content=\"Different acts are possible: correction of the hollow of the temples, Increase of the fullness of the eyebrows, Lifting of the eyebrows\" \/>\n<meta name=\"robots\" content=\"index, follow, max-snippet:-1, max-image-preview:large, max-video-preview:-1\" \/>\n<link rel=\"canonical\" href=\"https:\/\/christophelaveaux.fr\/en\/aesthetic-medicine\/gaze\/temples-eyebrows\/\" \/>\n<meta property=\"og:locale\" content=\"en_US\" \/>\n<meta property=\"og:type\" content=\"article\" \/>\n<meta property=\"og:title\" content=\"Aesthetic medicine of temples &amp; eyebrows in Cannes | Dr. Laveaux\" \/>\n<meta property=\"og:description\" content=\"Different acts are possible: correction of the hollow of the temples, Increase of the fullness of the eyebrows, Lifting of the eyebrows\" \/>\n<meta property=\"og:url\" content=\"https:\/\/christophelaveaux.fr\/en\/aesthetic-medicine\/gaze\/temples-eyebrows\/\" \/>\n<meta property=\"og:site_name\" content=\"Dr Christophe Laveaux\" \/>\n<meta property=\"article:modified_time\" content=\"2022-07-08T12:22:28+00:00\" \/>\n<meta property=\"og:image\" content=\"https:\/\/christophelaveaux.fr\/wp-content\/uploads\/2022\/06\/injection-botox-cannes-avant-apres-1.jpg\" \/>\n<meta name=\"twitter:card\" content=\"summary_large_image\" \/>\n<meta name=\"twitter:label1\" content=\"Est. reading time\" \/>\n\t<meta name=\"twitter:data1\" content=\"1 minute\" \/>\n<script type=\"application\/ld+json\" class=\"yoast-schema-graph\">{\"@context\":\"https:\/\/schema.org\",\"@graph\":[{\"@type\":\"WebPage\",\"@id\":\"https:\/\/christophelaveaux.fr\/en\/aesthetic-medicine\/gaze\/temples-eyebrows\/\",\"url\":\"https:\/\/christophelaveaux.fr\/en\/aesthetic-medicine\/gaze\/temples-eyebrows\/\",\"name\":\"Aesthetic medicine of temples & eyebrows in Cannes | Dr. Laveaux\",\"isPartOf\":{\"@id\":\"https:\/\/christophelaveaux.fr\/en\/#website\"},\"primaryImageOfPage\":{\"@id\":\"https:\/\/christophelaveaux.fr\/en\/aesthetic-medicine\/gaze\/temples-eyebrows\/#primaryimage\"},\"image\":{\"@id\":\"https:\/\/christophelaveaux.fr\/en\/aesthetic-medicine\/gaze\/temples-eyebrows\/#primaryimage\"},\"thumbnailUrl\":\"https:\/\/christophelaveaux.fr\/wp-content\/uploads\/2022\/06\/injection-botox-cannes-avant-apres-1.jpg\",\"datePublished\":\"2021-05-24T09:04:09+00:00\",\"dateModified\":\"2022-07-08T12:22:28+00:00\",\"description\":\"Different acts are possible: correction of the hollow of the temples, Increase of the fullness of the eyebrows, Lifting of the eyebrows\",\"breadcrumb\":{\"@id\":\"https:\/\/christophelaveaux.fr\/en\/aesthetic-medicine\/gaze\/temples-eyebrows\/#breadcrumb\"},\"inLanguage\":\"en-US\",\"potentialAction\":[{\"@type\":\"ReadAction\",\"target\":[\"https:\/\/christophelaveaux.fr\/en\/aesthetic-medicine\/gaze\/temples-eyebrows\/\"]}]},{\"@type\":\"ImageObject\",\"inLanguage\":\"en-US\",\"@id\":\"https:\/\/christophelaveaux.fr\/en\/aesthetic-medicine\/gaze\/temples-eyebrows\/#primaryimage\",\"url\":\"https:\/\/christophelaveaux.fr\/wp-content\/uploads\/2022\/06\/injection-botox-cannes-avant-apres-1.jpg\",\"contentUrl\":\"https:\/\/christophelaveaux.fr\/wp-content\/uploads\/2022\/06\/injection-botox-cannes-avant-apres-1.jpg\"},{\"@type\":\"BreadcrumbList\",\"@id\":\"https:\/\/christophelaveaux.fr\/en\/aesthetic-medicine\/gaze\/temples-eyebrows\/#breadcrumb\",\"itemListElement\":[{\"@type\":\"ListItem\",\"position\":1,\"name\":\"Accueil\",\"item\":\"https:\/\/christophelaveaux.fr\/en\/\"},{\"@type\":\"ListItem\",\"position\":2,\"name\":\"Aesthetic Medicine\",\"item\":\"https:\/\/christophelaveaux.fr\/en\/aesthetic-medicine\/\"},{\"@type\":\"ListItem\",\"position\":3,\"name\":\"Gaze\",\"item\":\"https:\/\/christophelaveaux.fr\/en\/aesthetic-medicine\/gaze\/\"},{\"@type\":\"ListItem\",\"position\":4,\"name\":\"Temples &#038; eyebrows\"}]},{\"@type\":\"WebSite\",\"@id\":\"https:\/\/christophelaveaux.fr\/en\/#website\",\"url\":\"https:\/\/christophelaveaux.fr\/en\/\",\"name\":\"Dr Christophe Laveaux\",\"description\":\"Chirurgien Esth\u00e9tique \u2022 Cannes\",\"potentialAction\":[{\"@type\":\"SearchAction\",\"target\":{\"@type\":\"EntryPoint\",\"urlTemplate\":\"https:\/\/christophelaveaux.fr\/en\/?s={search_term_string}\"},\"query-input\":{\"@type\":\"PropertyValueSpecification\",\"valueRequired\":true,\"valueName\":\"search_term_string\"}}],\"inLanguage\":\"en-US\"}]}<\/script>\n<!-- \/ Yoast SEO plugin. -->","yoast_head_json":{"title":"Aesthetic medicine of temples & eyebrows in Cannes | Dr. Laveaux","description":"Different acts are possible: correction of the hollow of the temples, Increase of the fullness of the eyebrows, Lifting of the eyebrows","robots":{"index":"index","follow":"follow","max-snippet":"max-snippet:-1","max-image-preview":"max-image-preview:large","max-video-preview":"max-video-preview:-1"},"canonical":"https:\/\/christophelaveaux.fr\/en\/aesthetic-medicine\/gaze\/temples-eyebrows\/","og_locale":"en_US","og_type":"article","og_title":"Aesthetic medicine of temples & eyebrows in Cannes | Dr. Laveaux","og_description":"Different acts are possible: correction of the hollow of the temples, Increase of the fullness of the eyebrows, Lifting of the eyebrows","og_url":"https:\/\/christophelaveaux.fr\/en\/aesthetic-medicine\/gaze\/temples-eyebrows\/","og_site_name":"Dr Christophe Laveaux","article_modified_time":"2022-07-08T12:22:28+00:00","og_image":[{"url":"https:\/\/christophelaveaux.fr\/wp-content\/uploads\/2022\/06\/injection-botox-cannes-avant-apres-1.jpg","type":"","width":"","height":""}],"twitter_card":"summary_large_image","twitter_misc":{"Est. reading time":"1 minute"},"schema":{"@context":"https:\/\/schema.org","@graph":[{"@type":"WebPage","@id":"https:\/\/christophelaveaux.fr\/en\/aesthetic-medicine\/gaze\/temples-eyebrows\/","url":"https:\/\/christophelaveaux.fr\/en\/aesthetic-medicine\/gaze\/temples-eyebrows\/","name":"Aesthetic medicine of temples & eyebrows in Cannes | Dr. Laveaux","isPartOf":{"@id":"https:\/\/christophelaveaux.fr\/en\/#website"},"primaryImageOfPage":{"@id":"https:\/\/christophelaveaux.fr\/en\/aesthetic-medicine\/gaze\/temples-eyebrows\/#primaryimage"},"image":{"@id":"https:\/\/christophelaveaux.fr\/en\/aesthetic-medicine\/gaze\/temples-eyebrows\/#primaryimage"},"thumbnailUrl":"https:\/\/christophelaveaux.fr\/wp-content\/uploads\/2022\/06\/injection-botox-cannes-avant-apres-1.jpg","datePublished":"2021-05-24T09:04:09+00:00","dateModified":"2022-07-08T12:22:28+00:00","description":"Different acts are possible: correction of the hollow of the temples, Increase of the fullness of the eyebrows, Lifting of the eyebrows","breadcrumb":{"@id":"https:\/\/christophelaveaux.fr\/en\/aesthetic-medicine\/gaze\/temples-eyebrows\/#breadcrumb"},"inLanguage":"en-US","potentialAction":[{"@type":"ReadAction","target":["https:\/\/christophelaveaux.fr\/en\/aesthetic-medicine\/gaze\/temples-eyebrows\/"]}]},{"@type":"ImageObject","inLanguage":"en-US","@id":"https:\/\/christophelaveaux.fr\/en\/aesthetic-medicine\/gaze\/temples-eyebrows\/#primaryimage","url":"https:\/\/christophelaveaux.fr\/wp-content\/uploads\/2022\/06\/injection-botox-cannes-avant-apres-1.jpg","contentUrl":"https:\/\/christophelaveaux.fr\/wp-content\/uploads\/2022\/06\/injection-botox-cannes-avant-apres-1.jpg"},{"@type":"BreadcrumbList","@id":"https:\/\/christophelaveaux.fr\/en\/aesthetic-medicine\/gaze\/temples-eyebrows\/#breadcrumb","itemListElement":[{"@type":"ListItem","position":1,"name":"Accueil","item":"https:\/\/christophelaveaux.fr\/en\/"},{"@type":"ListItem","position":2,"name":"Aesthetic Medicine","item":"https:\/\/christophelaveaux.fr\/en\/aesthetic-medicine\/"},{"@type":"ListItem","position":3,"name":"Gaze","item":"https:\/\/christophelaveaux.fr\/en\/aesthetic-medicine\/gaze\/"},{"@type":"ListItem","position":4,"name":"Temples &#038; eyebrows"}]},{"@type":"WebSite","@id":"https:\/\/christophelaveaux.fr\/en\/#website","url":"https:\/\/christophelaveaux.fr\/en\/","name":"Dr Christophe Laveaux","description":"Chirurgien Esth\u00e9tique \u2022 Cannes","potentialAction":[{"@type":"SearchAction","target":{"@type":"EntryPoint","urlTemplate":"https:\/\/christophelaveaux.fr\/en\/?s={search_term_string}"},"query-input":{"@type":"PropertyValueSpecification","valueRequired":true,"valueName":"search_term_string"}}],"inLanguage":"en-US"}]}},"_links":{"self":[{"href":"https:\/\/christophelaveaux.fr\/en\/wp-json\/wp\/v2\/pages\/5994","targetHints":{"allow":["GET"]}}],"collection":[{"href":"https:\/\/christophelaveaux.fr\/en\/wp-json\/wp\/v2\/pages"}],"about":[{"href":"https:\/\/christophelaveaux.fr\/en\/wp-json\/wp\/v2\/types\/page"}],"author":[{"embeddable":true,"href":"https:\/\/christophelaveaux.fr\/en\/wp-json\/wp\/v2\/users\/2"}],"replies":[{"embeddable":true,"href":"https:\/\/christophelaveaux.fr\/en\/wp-json\/wp\/v2\/comments?post=5994"}],"version-history":[{"count":11,"href":"https:\/\/christophelaveaux.fr\/en\/wp-json\/wp\/v2\/pages\/5994\/revisions"}],"predecessor-version":[{"id":7604,"href":"https:\/\/christophelaveaux.fr\/en\/wp-json\/wp\/v2\/pages\/5994\/revisions\/7604"}],"up":[{"embeddable":true,"href":"https:\/\/christophelaveaux.fr\/en\/wp-json\/wp\/v2\/pages\/5954"}],"wp:attachment":[{"href":"https:\/\/christophelaveaux.fr\/en\/wp-json\/wp\/v2\/media?parent=5994"}],"curies":[{"name":"wp","href":"https:\/\/api.w.org\/{rel}","templated":true}]}}