{"id":6035,"date":"2021-05-10T15:04:30","date_gmt":"2021-05-10T13:04:30","guid":{"rendered":"https:\/\/christophelaveaux.fr\/aesthetic-medicine\/body\/relachement-cutane\/"},"modified":"2022-07-08T14:48:13","modified_gmt":"2022-07-08T12:48:13","slug":"sagging-skin","status":"publish","type":"page","link":"https:\/\/christophelaveaux.fr\/en\/aesthetic-medicine\/body\/sagging-skin\/","title":{"rendered":"Sagging skin"},"content":{"rendered":"<h1>Sagging skin<\/h1>\n<div>\u2022 Sagging skin \u2022 Loss of skin elasticity \u2022 Skin Tightening \u2022 Skin Plumping<\/div>\n<h2>Sagging skin of the arms, thighs, stomach, neckline, decollete&#8230;<br \/>\n<\/h2>\n<div>\n<p>Many parts of the body can have a <strong>wrinkled and sagging appearance, or excess skin<\/strong>: arms, thighs, belly, decollete\u2026<\/p>\n<p>Surgery is generally recommended in extreme cases of excess skin, with scarring (facelift) or sometimes without scarring (J-Plasma Renuvion<sup>\u00ae<\/sup>).<\/p>\n<p>In some cases, either when excess skin is moderate or in certain areas for which no surgical treatment exists (such as d\u00e9collet\u00e9) or in addition to surgical techniques, non-surgical methods can improve :<\/p>\n<ul>\n<li><a href=\"\/en\/aesthetic-medicine\/main-techniques\/dermal-fillers\/\">Dermal fillers<\/a> (Lanluma<sup>\u00ae<\/sup>, Sculptra<sup>\u00ae<\/sup>, &#8230;), applied in several sessions, <strong>tighten and smooth the skin<\/strong> thanks to collagen fibres induced by the resorption of the filler..<\/li>\n<li><a href=\"\/en\/aesthetic-medicine\/main-techniques\/hyaluronic-acid-and-skinboosters\/#profhilo\">Profhilo<\/a><sup>\u00ae<\/sup>, is a hybrid hyaluronic acid which combines the benefits of skinboosters (deep hydration) and dermal fillers  (skin tightening). Two initial sessions are required 1 month apart with an annual touch up.<\/li>\n<li><a href=\"\/en\/aesthetic-medicine\/main-techniques\/hyaluronic-acid-and-skinboosters\/\">Skinboosters<\/a>, non-crosslinked hyaluronic acids, also injected in several sessions, <strong>plump the skin<\/strong> by their deep moisturising effect.<\/li>\n<li>Abrasive techniques such as <a href=\"\/en\/aesthetic-medicine\/main-techniques\/peeling\/\">chemical peels or electro-rejuvenation by Timed<\/a> also <strong>stimulate skin tightening and reduce light blemishes<\/strong>.<\/li>\n<\/ul>\n<\/div>\n<p><img decoding=\"async\" src=\"\/wp-content\/uploads\/2021\/08\/medecine-esthetique_relachement-cutane-christophe-laveaux-cannes-scaled.jpg\" alt=\"traitement rel\u00e2chement cutan\u00e9 bras cuisses ventre et d\u00e9collet\u00e9 \u00e0 Cannes - Dr Laveaux\"><\/p>\n<p><!--more--><br \/>\n<!-- {\"name\":\"*** Template \\\/\\\/ 3e Niveau ---bis--- (avec lorem ipsum \\\/\\\/ Chirurgie des l\\u00e8vres)\",\"type\":\"layout\",\"children\":[{\"name\":\"About\",\"type\":\"section\",\"props\":{\"style\":\"muted\",\"width\":\"xlarge\",\"image_position\":\"bottom-left\",\"padding\":\"none\",\"vertical_align\":\"middle\",\"title_position\":\"top-left\",\"title_rotation\":\"left\",\"title_breakpoint\":\"xl\",\"image\":\"wp-content\\\/uploads\\\/2021\\\/07\\\/background-feuilles-or-repris.svg\",\"width_expand\":\"right\",\"padding_remove_horizontal\":true,\"image_effect\":\"fixed\"},\"children\":[{\"name\":\"\",\"type\":\"row\",\"props\":{\"layout\":\"2-3,1-3\",\"vertical_align\":false,\"match\":false,\"column_gap\":\"collapse\",\"row_gap\":\"collapse\",\"width_expand\":\"right\"},\"children\":[{\"name\":\"\",\"type\":\"column\",\"props\":{\"image_position\":\"top-center\",\"style\":\"default\",\"padding\":\"xlarge\",\"width_medium\":\"2-3\",\"media_overlay_gradient\":\"\",\"image\":\"wp-content\\\/uploads\\\/2021\\\/06\\\/cadre-top-left-laveaux.svg\",\"position_sticky_breakpoint\":\"m\"},\"children\":[{\"type\":\"breadcrumbs\",\"props\":{\"show_home\":true,\"show_current\":true}},{\"name\":\"*** \n\n<h1> ***\",\"type\":\"headline\",\"props\":{\"title_element\":\"h1\",\"content\":\"Sagging skin\",\"title_style\":\"heading-medium\",\"margin\":\"medium\",\"title_font_family\":\"primary\",\"margin_remove_bottom\":true}},{\"type\":\"text\",\"props\":{\"margin\":\"small\",\"column_breakpoint\":\"m\",\"text_style\":\"meta\",\"content\":\"\\u2022 Sagging skin \\u2022 Loss of skin elasticity \\u2022 Skin Tightening \\u2022 Skin Plumping\",\"margin_remove_top\":false}},{\"name\":\"*** \n\n<h2> ***\",\"type\":\"headline\",\"props\":{\"title_element\":\"h2\",\"content\":\"Sagging skin of the arms, thighs, stomach, neckline, decollete...\\n\",\"margin\":\"large\",\"margin_remove_bottom\":true,\"title_decoration\":\"line\"}},{\"name\":\"\",\"type\":\"text\",\"props\":{\"column_breakpoint\":\"m\",\"margin\":\"medium\",\"content\":\"\n\n<p>Many parts of the body can have a <strong>wrinkled and sagging appearance, or excess skin<\\\/strong>: arms, thighs, belly, decollete\\u2026<\\\/p>\\n\n\n<p>Surgery is generally recommended in extreme cases of excess skin, with scarring (facelift) or sometimes without scarring (J-Plasma Renuvion<sup>\\u00ae<\\\/sup>).<\\\/p>\\n\n\n<p>In some cases, either when excess skin is moderate or in certain areas for which no surgical treatment exists (such as d\\u00e9collet\\u00e9) or in addition to surgical techniques, non-surgical methods can improve :<\\\/p>\\n\n\n<ul>\\n\n\n<li><a href=\\\"\\\/en\\\/aesthetic-medicine\\\/main-techniques\\\/dermal-fillers\\\/\\\">Dermal fillers<\\\/a> (Lanluma<sup>\\u00ae<\\\/sup>, Sculptra<sup>\\u00ae<\\\/sup>, ...), applied in several sessions, <strong>tighten and smooth the skin<\\\/strong> thanks to collagen fibres induced by the resorption of the filler..<\\\/li>\\n\n\n<li><a href=\\\"\\\/en\\\/aesthetic-medicine\\\/main-techniques\\\/hyaluronic-acid-and-skinboosters\\\/#profhilo\\\">Profhilo<\\\/a><sup>\\u00ae<\\\/sup>, is a hybrid hyaluronic acid which combines the benefits of skinboosters (deep hydration) and dermal fillers  (skin tightening). Two initial sessions are required 1 month apart with an annual touch up.<\\\/li>\\n\n\n<li><a href=\\\"\\\/en\\\/aesthetic-medicine\\\/main-techniques\\\/hyaluronic-acid-and-skinboosters\\\/\\\">Skinboosters<\\\/a>, non-crosslinked hyaluronic acids, also injected in several sessions, <strong>plump the skin<\\\/strong> by their deep moisturising effect.<\\\/li>\\n\n\n<li>Abrasive techniques such as <a href=\\\"\\\/en\\\/aesthetic-medicine\\\/main-techniques\\\/peeling\\\/\\\">chemical peels or electro-rejuvenation by Timed<\\\/a> also <strong>stimulate skin tightening and reduce light blemishes<\\\/strong>.<\\\/li>\\n<\\\/ul>\",\"text_align\":\"justify\"}}]},{\"name\":\"\",\"type\":\"column\",\"props\":{\"image_position\":\"center-center\",\"image\":\"\",\"style\":\"muted\",\"padding\":\"none\",\"width_medium\":\"1-3\",\"media_overlay_gradient\":\"\",\"position_sticky_breakpoint\":\"m\"},\"children\":[{\"type\":\"image\",\"props\":{\"margin\":\"remove-vertical\",\"image_svg_color\":\"emphasis\",\"image\":\"wp-content\\\/uploads\\\/2021\\\/08\\\/medecine-esthetique_relachement-cutane-christophe-laveaux-cannes-scaled.jpg\",\"text_align\":\"right\",\"image_alt\":\"traitement rel\\u00e2chement cutan\\u00e9 bras cuisses ventre et d\\u00e9collet\\u00e9 \\u00e0 Cannes - Dr Laveaux\",\"visibility\":\"s\"}}]}]}]}],\"version\":\"2.7.22\"} --><\/p>\n","protected":false},"excerpt":{"rendered":"<p>Sagging skin \u2022 Sagging skin \u2022 Loss of skin elasticity \u2022 Skin Tightening \u2022 Skin Plumping Sagging skin of the arms, thighs, stomach, neckline, decollete&#8230; Many parts of the body can have a wrinkled and sagging appearance, or excess skin: arms, thighs, belly, decollete\u2026 Surgery is generally recommended in extreme cases of excess skin, with [&hellip;]<\/p>\n","protected":false},"author":2,"featured_media":0,"parent":6003,"menu_order":0,"comment_status":"closed","ping_status":"closed","template":"","meta":{"footnotes":""},"class_list":["post-6035","page","type-page","status-publish","hentry"],"yoast_head":"<!-- This site is optimized with the Yoast SEO plugin v25.3 - https:\/\/yoast.com\/wordpress\/plugins\/seo\/ -->\n<title>Sagging skin of the body Treatments in Cannes French Riviera | Dr Laveaux<\/title>\n<meta name=\"description\" content=\"Aesthetic medicine for parts of the body that may have excess skin, a wrinkled and relaxed appearance: arms, thighs, stomach, d\u00e9collet\u00e9...\" \/>\n<meta name=\"robots\" content=\"index, follow, max-snippet:-1, max-image-preview:large, max-video-preview:-1\" \/>\n<link rel=\"canonical\" href=\"https:\/\/christophelaveaux.fr\/en\/aesthetic-medicine\/body\/sagging-skin\/\" \/>\n<meta property=\"og:locale\" content=\"en_US\" \/>\n<meta property=\"og:type\" content=\"article\" \/>\n<meta property=\"og:title\" content=\"Sagging skin of the body Treatments in Cannes French Riviera | Dr Laveaux\" \/>\n<meta property=\"og:description\" content=\"Aesthetic medicine for parts of the body that may have excess skin, a wrinkled and relaxed appearance: arms, thighs, stomach, d\u00e9collet\u00e9...\" \/>\n<meta property=\"og:url\" content=\"https:\/\/christophelaveaux.fr\/en\/aesthetic-medicine\/body\/sagging-skin\/\" \/>\n<meta property=\"og:site_name\" content=\"Dr Christophe Laveaux\" \/>\n<meta property=\"article:modified_time\" content=\"2022-07-08T12:48:13+00:00\" \/>\n<meta name=\"twitter:card\" content=\"summary_large_image\" \/>\n<meta name=\"twitter:label1\" content=\"Est. reading time\" \/>\n\t<meta name=\"twitter:data1\" content=\"1 minute\" \/>\n<script type=\"application\/ld+json\" class=\"yoast-schema-graph\">{\"@context\":\"https:\/\/schema.org\",\"@graph\":[{\"@type\":\"WebPage\",\"@id\":\"https:\/\/christophelaveaux.fr\/en\/aesthetic-medicine\/body\/sagging-skin\/\",\"url\":\"https:\/\/christophelaveaux.fr\/en\/aesthetic-medicine\/body\/sagging-skin\/\",\"name\":\"Sagging skin of the body Treatments in Cannes French Riviera | Dr Laveaux\",\"isPartOf\":{\"@id\":\"https:\/\/christophelaveaux.fr\/en\/#website\"},\"datePublished\":\"2021-05-10T13:04:30+00:00\",\"dateModified\":\"2022-07-08T12:48:13+00:00\",\"description\":\"Aesthetic medicine for parts of the body that may have excess skin, a wrinkled and relaxed appearance: arms, thighs, stomach, d\u00e9collet\u00e9...\",\"breadcrumb\":{\"@id\":\"https:\/\/christophelaveaux.fr\/en\/aesthetic-medicine\/body\/sagging-skin\/#breadcrumb\"},\"inLanguage\":\"en-US\",\"potentialAction\":[{\"@type\":\"ReadAction\",\"target\":[\"https:\/\/christophelaveaux.fr\/en\/aesthetic-medicine\/body\/sagging-skin\/\"]}]},{\"@type\":\"BreadcrumbList\",\"@id\":\"https:\/\/christophelaveaux.fr\/en\/aesthetic-medicine\/body\/sagging-skin\/#breadcrumb\",\"itemListElement\":[{\"@type\":\"ListItem\",\"position\":1,\"name\":\"Accueil\",\"item\":\"https:\/\/christophelaveaux.fr\/en\/\"},{\"@type\":\"ListItem\",\"position\":2,\"name\":\"Aesthetic Medicine\",\"item\":\"https:\/\/christophelaveaux.fr\/en\/aesthetic-medicine\/\"},{\"@type\":\"ListItem\",\"position\":3,\"name\":\"Body\",\"item\":\"https:\/\/christophelaveaux.fr\/en\/aesthetic-medicine\/body\/\"},{\"@type\":\"ListItem\",\"position\":4,\"name\":\"Sagging skin\"}]},{\"@type\":\"WebSite\",\"@id\":\"https:\/\/christophelaveaux.fr\/en\/#website\",\"url\":\"https:\/\/christophelaveaux.fr\/en\/\",\"name\":\"Dr Christophe Laveaux\",\"description\":\"Chirurgien Esth\u00e9tique \u2022 Cannes\",\"potentialAction\":[{\"@type\":\"SearchAction\",\"target\":{\"@type\":\"EntryPoint\",\"urlTemplate\":\"https:\/\/christophelaveaux.fr\/en\/?s={search_term_string}\"},\"query-input\":{\"@type\":\"PropertyValueSpecification\",\"valueRequired\":true,\"valueName\":\"search_term_string\"}}],\"inLanguage\":\"en-US\"}]}<\/script>\n<!-- \/ Yoast SEO plugin. -->","yoast_head_json":{"title":"Sagging skin of the body Treatments in Cannes French Riviera | Dr Laveaux","description":"Aesthetic medicine for parts of the body that may have excess skin, a wrinkled and relaxed appearance: arms, thighs, stomach, d\u00e9collet\u00e9...","robots":{"index":"index","follow":"follow","max-snippet":"max-snippet:-1","max-image-preview":"max-image-preview:large","max-video-preview":"max-video-preview:-1"},"canonical":"https:\/\/christophelaveaux.fr\/en\/aesthetic-medicine\/body\/sagging-skin\/","og_locale":"en_US","og_type":"article","og_title":"Sagging skin of the body Treatments in Cannes French Riviera | Dr Laveaux","og_description":"Aesthetic medicine for parts of the body that may have excess skin, a wrinkled and relaxed appearance: arms, thighs, stomach, d\u00e9collet\u00e9...","og_url":"https:\/\/christophelaveaux.fr\/en\/aesthetic-medicine\/body\/sagging-skin\/","og_site_name":"Dr Christophe Laveaux","article_modified_time":"2022-07-08T12:48:13+00:00","twitter_card":"summary_large_image","twitter_misc":{"Est. reading time":"1 minute"},"schema":{"@context":"https:\/\/schema.org","@graph":[{"@type":"WebPage","@id":"https:\/\/christophelaveaux.fr\/en\/aesthetic-medicine\/body\/sagging-skin\/","url":"https:\/\/christophelaveaux.fr\/en\/aesthetic-medicine\/body\/sagging-skin\/","name":"Sagging skin of the body Treatments in Cannes French Riviera | Dr Laveaux","isPartOf":{"@id":"https:\/\/christophelaveaux.fr\/en\/#website"},"datePublished":"2021-05-10T13:04:30+00:00","dateModified":"2022-07-08T12:48:13+00:00","description":"Aesthetic medicine for parts of the body that may have excess skin, a wrinkled and relaxed appearance: arms, thighs, stomach, d\u00e9collet\u00e9...","breadcrumb":{"@id":"https:\/\/christophelaveaux.fr\/en\/aesthetic-medicine\/body\/sagging-skin\/#breadcrumb"},"inLanguage":"en-US","potentialAction":[{"@type":"ReadAction","target":["https:\/\/christophelaveaux.fr\/en\/aesthetic-medicine\/body\/sagging-skin\/"]}]},{"@type":"BreadcrumbList","@id":"https:\/\/christophelaveaux.fr\/en\/aesthetic-medicine\/body\/sagging-skin\/#breadcrumb","itemListElement":[{"@type":"ListItem","position":1,"name":"Accueil","item":"https:\/\/christophelaveaux.fr\/en\/"},{"@type":"ListItem","position":2,"name":"Aesthetic Medicine","item":"https:\/\/christophelaveaux.fr\/en\/aesthetic-medicine\/"},{"@type":"ListItem","position":3,"name":"Body","item":"https:\/\/christophelaveaux.fr\/en\/aesthetic-medicine\/body\/"},{"@type":"ListItem","position":4,"name":"Sagging skin"}]},{"@type":"WebSite","@id":"https:\/\/christophelaveaux.fr\/en\/#website","url":"https:\/\/christophelaveaux.fr\/en\/","name":"Dr Christophe Laveaux","description":"Chirurgien Esth\u00e9tique \u2022 Cannes","potentialAction":[{"@type":"SearchAction","target":{"@type":"EntryPoint","urlTemplate":"https:\/\/christophelaveaux.fr\/en\/?s={search_term_string}"},"query-input":{"@type":"PropertyValueSpecification","valueRequired":true,"valueName":"search_term_string"}}],"inLanguage":"en-US"}]}},"_links":{"self":[{"href":"https:\/\/christophelaveaux.fr\/en\/wp-json\/wp\/v2\/pages\/6035","targetHints":{"allow":["GET"]}}],"collection":[{"href":"https:\/\/christophelaveaux.fr\/en\/wp-json\/wp\/v2\/pages"}],"about":[{"href":"https:\/\/christophelaveaux.fr\/en\/wp-json\/wp\/v2\/types\/page"}],"author":[{"embeddable":true,"href":"https:\/\/christophelaveaux.fr\/en\/wp-json\/wp\/v2\/users\/2"}],"replies":[{"embeddable":true,"href":"https:\/\/christophelaveaux.fr\/en\/wp-json\/wp\/v2\/comments?post=6035"}],"version-history":[{"count":12,"href":"https:\/\/christophelaveaux.fr\/en\/wp-json\/wp\/v2\/pages\/6035\/revisions"}],"predecessor-version":[{"id":7622,"href":"https:\/\/christophelaveaux.fr\/en\/wp-json\/wp\/v2\/pages\/6035\/revisions\/7622"}],"up":[{"embeddable":true,"href":"https:\/\/christophelaveaux.fr\/en\/wp-json\/wp\/v2\/pages\/6003"}],"wp:attachment":[{"href":"https:\/\/christophelaveaux.fr\/en\/wp-json\/wp\/v2\/media?parent=6035"}],"curies":[{"name":"wp","href":"https:\/\/api.w.org\/{rel}","templated":true}]}}