{"id":6052,"date":"2021-05-24T11:06:24","date_gmt":"2021-05-24T09:06:24","guid":{"rendered":"https:\/\/christophelaveaux.fr\/aesthetic-medicine\/body\/penoplastie-medicale\/"},"modified":"2022-07-08T14:56:47","modified_gmt":"2022-07-08T12:56:47","slug":"medical-penoplasty","status":"publish","type":"page","link":"https:\/\/christophelaveaux.fr\/en\/aesthetic-medicine\/body\/medical-penoplasty\/","title":{"rendered":"Medical penoplasty"},"content":{"rendered":"<h1>Medical penoplasty<\/h1>\n<div>\u2022 increase of the thickness of the penis \u2022 Volume and firmness of the penis head \u2022<\/div>\n<div>\n<p><em><strong>Medical penoplasty or enlargement of the penis or penis head with hyaluronic acid avoids the need for surgery.<\/strong><\/em><\/p>\n<\/div>\n<h2>Increase in the thickness of the penis<\/h2>\n<div>\n<p><a href=\"\/en\/aesthetic-medicine\/main-techniques\/hyaluronic-acid-and-skinboosters\/\">Injections of hyaluronic acid <\/a> are a good alternative for patients who wish to <strong>increase the thickness of their penis <\/strong>without resorting to surgical techniques. <\/p>\n<p>Hyaluronic acid is injected under the foreskin<strong> increasing the circumference<\/strong>. The increase varies according to the volume of hyaluronic acid injected and is noticeable in both its flaccid and erect state.<\/p>\n<p>Patients usually notice an <strong>increase of length<\/strong> when the penis is flaccid due to the weight of hyaluronic acid.<\/p>\n<p>The painless injections take place in the Doctor\u2019s office under local anaesthesia and last about 1 hour.<\/p>\n<p>The after effects are painless without any discomfort to urinate.<\/p>\n<p>Circumcised patients will have a better aesthetic result as the foreskin area is technically difficult to inject.<\/p>\n<\/div>\n<h2>Increase in volume and firmness of the penis head<\/h2>\n<div>\n<p><strong>Volume and firmness of the penis head can also be increased <\/strong> through <a href=\"\/en\/aesthetic-medicine\/main-techniques\/hyaluronic-acid-and-skinboosters\/\">hyaluronic acid injections<\/a>.<\/p>\n<p>Painless injections are made into the penis head after applying an anaesthetic cream.<\/p>\n<p>After effects include bruising, and sexual activity can be resumed after 3 to 4 days<\/p>\n<p>Due to the spongy nature of the penis head, several sessions are sometimes necessary to obtain the desired result. Depending on the case, the result will last 8 to 12 months before repeat injections are required.<\/p>\n<p>Even though premature ejaculation generally occurs for many reasons, this technique may improve it.<\/p>\n<\/div>\n<p><img decoding=\"async\" src=\"\/wp-content\/uploads\/2021\/08\/chirurgie-du-penis-chirurgie-homme-docteur-laveaux-cannes-scaled.jpg\" alt=\"P\u00e9noplastie m\u00e9dicale \u00e0 Cannes C\u00f4te d'Azur, Monaco - Dr Laveaux\"><\/p>\n<p><!--more--><br \/>\n<!-- {\"name\":\"*** Template \\\/\\\/ 3e Niveau ---bis--- (avec lorem ipsum \\\/\\\/ Chirurgie des l\\u00e8vres)\",\"type\":\"layout\",\"children\":[{\"name\":\"About\",\"type\":\"section\",\"props\":{\"style\":\"muted\",\"width\":\"xlarge\",\"image_position\":\"bottom-left\",\"padding\":\"none\",\"vertical_align\":\"middle\",\"title_position\":\"top-left\",\"title_rotation\":\"left\",\"title_breakpoint\":\"xl\",\"image\":\"wp-content\\\/uploads\\\/2021\\\/07\\\/background-feuilles-or-repris.svg\",\"width_expand\":\"right\",\"padding_remove_horizontal\":true,\"image_effect\":\"fixed\"},\"children\":[{\"name\":\"\",\"type\":\"row\",\"props\":{\"layout\":\"2-3,1-3\",\"vertical_align\":false,\"match\":false,\"column_gap\":\"collapse\",\"row_gap\":\"collapse\",\"width_expand\":\"right\"},\"children\":[{\"name\":\"\",\"type\":\"column\",\"props\":{\"image_position\":\"top-center\",\"style\":\"default\",\"padding\":\"xlarge\",\"width_medium\":\"2-3\",\"media_overlay_gradient\":\"\",\"image\":\"wp-content\\\/uploads\\\/2021\\\/06\\\/cadre-top-left-laveaux.svg\",\"position_sticky_breakpoint\":\"m\"},\"children\":[{\"type\":\"breadcrumbs\",\"props\":{\"show_home\":true,\"show_current\":true}},{\"name\":\"*** \n\n<h1> ***\",\"type\":\"headline\",\"props\":{\"title_element\":\"h1\",\"content\":\"Medical penoplasty\",\"title_style\":\"heading-medium\",\"margin\":\"medium\",\"title_font_family\":\"primary\",\"margin_remove_bottom\":true}},{\"type\":\"text\",\"props\":{\"margin\":\"small\",\"column_breakpoint\":\"m\",\"text_style\":\"meta\",\"content\":\"\\u2022 increase of the thickness of the penis \\u2022 Volume and firmness of the penis head \\u2022\",\"margin_remove_top\":false}},{\"name\":\"\",\"type\":\"text\",\"props\":{\"column_breakpoint\":\"m\",\"margin\":\"medium\",\"content\":\"\n\n<p><em><strong>Medical penoplasty or enlargement of the penis or penis head with hyaluronic acid avoids the need for surgery.<\\\/strong><\\\/em><\\\/p>\",\"text_align\":\"justify\"}},{\"name\":\"*** \n\n<h2> ***\",\"type\":\"headline\",\"props\":{\"title_element\":\"h2\",\"content\":\"Increase in the thickness of the penis\",\"margin\":\"large\",\"margin_remove_bottom\":true,\"title_decoration\":\"line\"}},{\"name\":\"\",\"type\":\"text\",\"props\":{\"column_breakpoint\":\"m\",\"margin\":\"medium\",\"content\":\"\n\n<p><a href=\\\"\\\/en\\\/aesthetic-medicine\\\/main-techniques\\\/hyaluronic-acid-and-skinboosters\\\/\\\">Injections of hyaluronic acid <\\\/a> are a good alternative for patients who wish to <strong>increase the thickness of their penis <\\\/strong>without resorting to surgical techniques. <\\\/p>\\n\n\n<p>Hyaluronic acid is injected under the foreskin<strong> increasing the circumference<\\\/strong>. The increase varies according to the volume of hyaluronic acid injected and is noticeable in both its flaccid and erect state.<\\\/p>\\n\n\n<p>Patients usually notice an <strong>increase of length<\\\/strong> when the penis is flaccid due to the weight of hyaluronic acid.<\\\/p>\\n\n\n<p>The painless injections take place in the Doctor\\u2019s office under local anaesthesia and last about 1 hour.<\\\/p>\\n\n\n<p>The after effects are painless without any discomfort to urinate.<\\\/p>\\n\n\n<p>Circumcised patients will have a better aesthetic result as the foreskin area is technically difficult to inject.<\\\/p>\",\"text_align\":\"justify\"}},{\"name\":\"*** \n\n<h2> ***\",\"type\":\"headline\",\"props\":{\"title_element\":\"h2\",\"content\":\"Increase in volume and firmness of the penis head\",\"margin\":\"large\",\"margin_remove_bottom\":true,\"title_decoration\":\"line\"}},{\"name\":\"\",\"type\":\"text\",\"props\":{\"column_breakpoint\":\"m\",\"margin\":\"medium\",\"content\":\"\n\n<p><strong>Volume and firmness of the penis head can also be increased <\\\/strong> through <a href=\\\"\\\/en\\\/aesthetic-medicine\\\/main-techniques\\\/hyaluronic-acid-and-skinboosters\\\/\\\">hyaluronic acid injections<\\\/a>.<\\\/p>\\n\n\n<p>Painless injections are made into the penis head after applying an anaesthetic cream.<\\\/p>\\n\n\n<p>After effects include bruising, and sexual activity can be resumed after 3 to 4 days<\\\/p>\\n\n\n<p>Due to the spongy nature of the penis head, several sessions are sometimes necessary to obtain the desired result. Depending on the case, the result will last 8 to 12 months before repeat injections are required.<\\\/p>\\n\n\n<p>Even though premature ejaculation generally occurs for many reasons, this technique may improve it.<\\\/p>\",\"text_align\":\"justify\"}}]},{\"name\":\"\",\"type\":\"column\",\"props\":{\"image_position\":\"center-center\",\"image\":\"\",\"style\":\"muted\",\"padding\":\"none\",\"width_medium\":\"1-3\",\"media_overlay_gradient\":\"\",\"position_sticky_breakpoint\":\"m\"},\"children\":[{\"type\":\"image\",\"props\":{\"margin\":\"remove-vertical\",\"image_svg_color\":\"emphasis\",\"image\":\"wp-content\\\/uploads\\\/2021\\\/08\\\/chirurgie-du-penis-chirurgie-homme-docteur-laveaux-cannes-scaled.jpg\",\"text_align\":\"right\",\"image_alt\":\"P\\u00e9noplastie m\\u00e9dicale \\u00e0 Cannes C\\u00f4te d'Azur, Monaco - Dr Laveaux\",\"visibility\":\"s\"}}]}]}]}],\"version\":\"2.7.22\"} --><\/p>\n","protected":false},"excerpt":{"rendered":"<p>Medical penoplasty \u2022 increase of the thickness of the penis \u2022 Volume and firmness of the penis head \u2022 Medical penoplasty or enlargement of the penis or penis head with hyaluronic acid avoids the need for surgery. Increase in the thickness of the penis Injections of hyaluronic acid are a good alternative for patients who [&hellip;]<\/p>\n","protected":false},"author":2,"featured_media":0,"parent":6003,"menu_order":0,"comment_status":"closed","ping_status":"closed","template":"","meta":{"footnotes":""},"class_list":["post-6052","page","type-page","status-publish","hentry"],"yoast_head":"<!-- This site is optimized with the Yoast SEO plugin v25.3 - https:\/\/yoast.com\/wordpress\/plugins\/seo\/ -->\n<title>Medical penoplasty in Cannes, Monaco - French Riviera | Dr Laveaux<\/title>\n<meta name=\"description\" content=\"Medical penoplasty or enlargement of the penis or glans with hyaluronic acid avoids the need for surgery.\" \/>\n<meta name=\"robots\" content=\"index, follow, max-snippet:-1, max-image-preview:large, max-video-preview:-1\" \/>\n<link rel=\"canonical\" href=\"https:\/\/christophelaveaux.fr\/en\/aesthetic-medicine\/body\/medical-penoplasty\/\" \/>\n<meta property=\"og:locale\" content=\"en_US\" \/>\n<meta property=\"og:type\" content=\"article\" \/>\n<meta property=\"og:title\" content=\"Medical penoplasty in Cannes, Monaco - French Riviera | Dr Laveaux\" \/>\n<meta property=\"og:description\" content=\"Medical penoplasty or enlargement of the penis or glans with hyaluronic acid avoids the need for surgery.\" \/>\n<meta property=\"og:url\" content=\"https:\/\/christophelaveaux.fr\/en\/aesthetic-medicine\/body\/medical-penoplasty\/\" \/>\n<meta property=\"og:site_name\" content=\"Dr Christophe Laveaux\" \/>\n<meta property=\"article:modified_time\" content=\"2022-07-08T12:56:47+00:00\" \/>\n<meta name=\"twitter:card\" content=\"summary_large_image\" \/>\n<meta name=\"twitter:label1\" content=\"Est. reading time\" \/>\n\t<meta name=\"twitter:data1\" content=\"1 minute\" \/>\n<script type=\"application\/ld+json\" class=\"yoast-schema-graph\">{\"@context\":\"https:\/\/schema.org\",\"@graph\":[{\"@type\":\"WebPage\",\"@id\":\"https:\/\/christophelaveaux.fr\/en\/aesthetic-medicine\/body\/medical-penoplasty\/\",\"url\":\"https:\/\/christophelaveaux.fr\/en\/aesthetic-medicine\/body\/medical-penoplasty\/\",\"name\":\"Medical penoplasty in Cannes, Monaco - French Riviera | Dr Laveaux\",\"isPartOf\":{\"@id\":\"https:\/\/christophelaveaux.fr\/en\/#website\"},\"datePublished\":\"2021-05-24T09:06:24+00:00\",\"dateModified\":\"2022-07-08T12:56:47+00:00\",\"description\":\"Medical penoplasty or enlargement of the penis or glans with hyaluronic acid avoids the need for surgery.\",\"breadcrumb\":{\"@id\":\"https:\/\/christophelaveaux.fr\/en\/aesthetic-medicine\/body\/medical-penoplasty\/#breadcrumb\"},\"inLanguage\":\"en-US\",\"potentialAction\":[{\"@type\":\"ReadAction\",\"target\":[\"https:\/\/christophelaveaux.fr\/en\/aesthetic-medicine\/body\/medical-penoplasty\/\"]}]},{\"@type\":\"BreadcrumbList\",\"@id\":\"https:\/\/christophelaveaux.fr\/en\/aesthetic-medicine\/body\/medical-penoplasty\/#breadcrumb\",\"itemListElement\":[{\"@type\":\"ListItem\",\"position\":1,\"name\":\"Accueil\",\"item\":\"https:\/\/christophelaveaux.fr\/en\/\"},{\"@type\":\"ListItem\",\"position\":2,\"name\":\"Aesthetic Medicine\",\"item\":\"https:\/\/christophelaveaux.fr\/en\/aesthetic-medicine\/\"},{\"@type\":\"ListItem\",\"position\":3,\"name\":\"Body\",\"item\":\"https:\/\/christophelaveaux.fr\/en\/aesthetic-medicine\/body\/\"},{\"@type\":\"ListItem\",\"position\":4,\"name\":\"Medical penoplasty\"}]},{\"@type\":\"WebSite\",\"@id\":\"https:\/\/christophelaveaux.fr\/en\/#website\",\"url\":\"https:\/\/christophelaveaux.fr\/en\/\",\"name\":\"Dr Christophe Laveaux\",\"description\":\"Chirurgien Esth\u00e9tique \u2022 Cannes\",\"potentialAction\":[{\"@type\":\"SearchAction\",\"target\":{\"@type\":\"EntryPoint\",\"urlTemplate\":\"https:\/\/christophelaveaux.fr\/en\/?s={search_term_string}\"},\"query-input\":{\"@type\":\"PropertyValueSpecification\",\"valueRequired\":true,\"valueName\":\"search_term_string\"}}],\"inLanguage\":\"en-US\"}]}<\/script>\n<!-- \/ Yoast SEO plugin. -->","yoast_head_json":{"title":"Medical penoplasty in Cannes, Monaco - French Riviera | Dr Laveaux","description":"Medical penoplasty or enlargement of the penis or glans with hyaluronic acid avoids the need for surgery.","robots":{"index":"index","follow":"follow","max-snippet":"max-snippet:-1","max-image-preview":"max-image-preview:large","max-video-preview":"max-video-preview:-1"},"canonical":"https:\/\/christophelaveaux.fr\/en\/aesthetic-medicine\/body\/medical-penoplasty\/","og_locale":"en_US","og_type":"article","og_title":"Medical penoplasty in Cannes, Monaco - French Riviera | Dr Laveaux","og_description":"Medical penoplasty or enlargement of the penis or glans with hyaluronic acid avoids the need for surgery.","og_url":"https:\/\/christophelaveaux.fr\/en\/aesthetic-medicine\/body\/medical-penoplasty\/","og_site_name":"Dr Christophe Laveaux","article_modified_time":"2022-07-08T12:56:47+00:00","twitter_card":"summary_large_image","twitter_misc":{"Est. reading time":"1 minute"},"schema":{"@context":"https:\/\/schema.org","@graph":[{"@type":"WebPage","@id":"https:\/\/christophelaveaux.fr\/en\/aesthetic-medicine\/body\/medical-penoplasty\/","url":"https:\/\/christophelaveaux.fr\/en\/aesthetic-medicine\/body\/medical-penoplasty\/","name":"Medical penoplasty in Cannes, Monaco - French Riviera | Dr Laveaux","isPartOf":{"@id":"https:\/\/christophelaveaux.fr\/en\/#website"},"datePublished":"2021-05-24T09:06:24+00:00","dateModified":"2022-07-08T12:56:47+00:00","description":"Medical penoplasty or enlargement of the penis or glans with hyaluronic acid avoids the need for surgery.","breadcrumb":{"@id":"https:\/\/christophelaveaux.fr\/en\/aesthetic-medicine\/body\/medical-penoplasty\/#breadcrumb"},"inLanguage":"en-US","potentialAction":[{"@type":"ReadAction","target":["https:\/\/christophelaveaux.fr\/en\/aesthetic-medicine\/body\/medical-penoplasty\/"]}]},{"@type":"BreadcrumbList","@id":"https:\/\/christophelaveaux.fr\/en\/aesthetic-medicine\/body\/medical-penoplasty\/#breadcrumb","itemListElement":[{"@type":"ListItem","position":1,"name":"Accueil","item":"https:\/\/christophelaveaux.fr\/en\/"},{"@type":"ListItem","position":2,"name":"Aesthetic Medicine","item":"https:\/\/christophelaveaux.fr\/en\/aesthetic-medicine\/"},{"@type":"ListItem","position":3,"name":"Body","item":"https:\/\/christophelaveaux.fr\/en\/aesthetic-medicine\/body\/"},{"@type":"ListItem","position":4,"name":"Medical penoplasty"}]},{"@type":"WebSite","@id":"https:\/\/christophelaveaux.fr\/en\/#website","url":"https:\/\/christophelaveaux.fr\/en\/","name":"Dr Christophe Laveaux","description":"Chirurgien Esth\u00e9tique \u2022 Cannes","potentialAction":[{"@type":"SearchAction","target":{"@type":"EntryPoint","urlTemplate":"https:\/\/christophelaveaux.fr\/en\/?s={search_term_string}"},"query-input":{"@type":"PropertyValueSpecification","valueRequired":true,"valueName":"search_term_string"}}],"inLanguage":"en-US"}]}},"_links":{"self":[{"href":"https:\/\/christophelaveaux.fr\/en\/wp-json\/wp\/v2\/pages\/6052","targetHints":{"allow":["GET"]}}],"collection":[{"href":"https:\/\/christophelaveaux.fr\/en\/wp-json\/wp\/v2\/pages"}],"about":[{"href":"https:\/\/christophelaveaux.fr\/en\/wp-json\/wp\/v2\/types\/page"}],"author":[{"embeddable":true,"href":"https:\/\/christophelaveaux.fr\/en\/wp-json\/wp\/v2\/users\/2"}],"replies":[{"embeddable":true,"href":"https:\/\/christophelaveaux.fr\/en\/wp-json\/wp\/v2\/comments?post=6052"}],"version-history":[{"count":11,"href":"https:\/\/christophelaveaux.fr\/en\/wp-json\/wp\/v2\/pages\/6052\/revisions"}],"predecessor-version":[{"id":7625,"href":"https:\/\/christophelaveaux.fr\/en\/wp-json\/wp\/v2\/pages\/6052\/revisions\/7625"}],"up":[{"embeddable":true,"href":"https:\/\/christophelaveaux.fr\/en\/wp-json\/wp\/v2\/pages\/6003"}],"wp:attachment":[{"href":"https:\/\/christophelaveaux.fr\/en\/wp-json\/wp\/v2\/media?parent=6052"}],"curies":[{"name":"wp","href":"https:\/\/api.w.org\/{rel}","templated":true}]}}