{"id":6169,"date":"2021-05-24T11:07:34","date_gmt":"2021-05-24T09:07:34","guid":{"rendered":"https:\/\/christophelaveaux.fr\/aesthetic-medicine\/main-techniques\/fils-tenseurs\/"},"modified":"2022-07-12T15:06:58","modified_gmt":"2022-07-12T13:06:58","slug":"tensor-threads","status":"publish","type":"page","link":"https:\/\/christophelaveaux.fr\/en\/aesthetic-medicine\/main-techniques\/tensor-threads\/","title":{"rendered":"Tensor threads"},"content":{"rendered":"<h1>Tensor threads<\/h1>\n<div>\u2022 Absorbable tensor threads \u2022 Non-absorbable tensor threads \u2022<\/div>\n<h2>Absorbable tensor threads<\/h2>\n<div>\n<h3>What are absorbable tensor threads?<\/h3>\n<p>The absorbable threads are manufactured with the same components as the dissolvable sutures used by surgeons. They are therefore completely tolerated by the body<\/p>\n<p>Implemented at the doctor\u2019s office, the threads are placed under the skin allowing moderately <strong>saggy skin at the neck and face to be tightened<\/strong>.<\/p>\n<p>The absorbable threads dissolve in one year leaving an inconspicuous scar, which in turn permits the skin to remain tight for more than a year.<\/p>\n<\/div>\n<div>\n<h3>Indication for absorbable tensor threads<\/h3>\n<p>The tensor threads are designed for patients with the initial signs of skin relaxation of the neck and lower face.<br \/>\nFor these patients it would be premature to perform a <a href=\"\/en\/cosmetic-surgery\/face-and-neck-surgery\/face-and-neck-lift\/\">surgical facelift<\/a>, but the introduction of absorbable tensor threads is a first step in <strong>skin rejuvenation<\/strong>.<\/p>\n<p>The fact that these threads totally dissolve allows patients to later benefit from a surgical face lift without constraints since the threads will have disappeared and will therefore not hinder the surgeon&#8217;s work.<\/p>\n<\/div>\n<div>\n<h3>Practical information&#8230;<\/h3>\n<p>The application of absorbable tensor threads takes place at Doctor Laveaux\u2019s clinic.\n<\/p>\n<\/div>\n<ul>\n<li>\n<h3>Before the session<\/h3>\n<div>\n<ul>\n<li>Remove makeup;<\/li>\n<li>Avoid taking aspirin or other anticoagulants during the 10 days prior to the injections.<\/li>\n<\/ul>\n<\/div>\n<\/li>\n<li>\n<h3>During the session<\/h3>\n<div>\n<ul>\n<li>A mild local anaesthesia is applied at the entry points of the threads, so that their placement is painless.<\/li>\n<li>One or several threads are placed on either side of the face depending on the condition\/indication, without incisions and without scarring.<\/li>\n<li>Duration: 20-40 min<\/li>\n<\/ul>\n<\/div>\n<\/li>\n<li>\n<h3>After placing the threads<\/h3>\n<div>\n<ul>\n<li>Immediate return to normal activities;<\/li>\n<li>Avoid excessive effort for 72 hours;<\/li>\n<li>Avoid facial massages;<\/li>\n<li>Avoid taking aspirin or other anticoagulants for the next 10 days;<\/li>\n<li>Initial results are visible immediately with definitive results occurring in about 15 days.<\/li>\n<li>Excess folds of skin may appear and will disappear either within a few hours or up to a few days.<\/li>\n<li>Slight swelling may or may not occur and if so will disappear after a few days. <\/li>\n<li>Makeup is allowed.<\/li>\n<\/ul>\n<\/div>\n<\/li>\n<\/ul>\n<div>\n<p>In all cases, <strong>the result is very satisfactory and natural<\/strong>. The procedure can be accompanied by other techniques of aesthetic medicine (injections of <a href=\"\/en\/aesthetic-medicine\/main-techniques\/botulinum-toxin-injections\/\">botox<\/a> or <a href=\"\/en\/aesthetic-medicine\/main-techniques\/hyaluronic-acid-and-skinboosters\/\">hyaluronic acid<\/a>, <a href=\"\/en\/aesthetic-medicine\/main-techniques\/peeling\/\">peeling<\/a>,\u2026).<\/p>\n<\/div>\n<div>\n<h3>Before \/ After<\/h3>\n<div>\n<p><img loading=\"lazy\" decoding=\"async\" src=\"https:\/\/christophelaveaux.fr\/wp-content\/uploads\/2022\/07\/fils-tenseurs-resorbables-1.jpg\" alt=\"Fils tenseurs r\u00e9sorbables \u00e0 Cannes, Antibes, Monaco, C\u00f4te d'Azur\" width=\"800\" height=\"272\" class=\"aligncenter size-full wp-image-7214\" \/><\/p>\n<p><em>Improvement of the oval of the face and neck using absorbable tension wires.<\/em><\/p>\n<\/div>\n<\/div>\n<h2>Non-absorbable tensor threads<\/h2>\n<div>\n<p>The permanent tensor threads <strong>lift the neck, jowls, cheekbones, marionette lines, nasolabial lines and \/ or tail of the eyebrows<\/strong>.<\/p>\n<p>This medical <strong>face and neck lift technique<\/strong> offers a lasting youthful appearance for about 7 to 10 years, without incisions or scars.<\/p>\n<p>Tightening can last for several years depending on the placement technique initially chosen.<\/p>\n<p>Like resorbable tensor threads, placement of non-absorbable tensor threads is carried out in the consultation room, under local anaesthesia. If necessary, permanent tensor threads can be removed, also under local anaesthesia.<\/p>\n<p>For cases with mild to moderate excess skin, the permanent tensor threads technique is an <strong>alternative to surgical facelift<\/strong>. <br \/>However, for extreme excess skin a <a href=\"\/en\/cosmetic-surgery\/face-and-neck-surgery\/face-and-neck-lift\/\">surgical facelift<\/a> is required to remove it.<\/p>\n<p>Your cosmetic surgeon will recommend the method best suited to your situation.<\/p>\n<\/div>\n<p><img decoding=\"async\" src=\"\/wp-content\/uploads\/2021\/08\/medecine-esthetique-fils-tenseurs-christophe-laveaux-cannes-scaled.jpg\" alt=\"Fils tenseurs \u00e0 Cannes - C\u00f4te d'Azur - Dr Laveaux\"><\/p>\n<p><!--more--><br \/>\n<!-- {\"name\":\"*** Template \\\/\\\/ 3e Niveau ---bis--- (avec lorem ipsum \\\/\\\/ Chirurgie des l\\u00e8vres)\",\"type\":\"layout\",\"children\":[{\"name\":\"About\",\"type\":\"section\",\"props\":{\"style\":\"muted\",\"width\":\"xlarge\",\"image_position\":\"bottom-left\",\"padding\":\"none\",\"vertical_align\":\"middle\",\"title_position\":\"top-left\",\"title_rotation\":\"left\",\"title_breakpoint\":\"xl\",\"image\":\"wp-content\\\/uploads\\\/2021\\\/07\\\/background-feuilles-or-repris.svg\",\"width_expand\":\"right\",\"padding_remove_horizontal\":true,\"image_effect\":\"fixed\"},\"children\":[{\"name\":\"\",\"type\":\"row\",\"props\":{\"layout\":\"2-3,1-3\",\"vertical_align\":false,\"match\":false,\"column_gap\":\"collapse\",\"row_gap\":\"collapse\",\"width_expand\":\"right\"},\"children\":[{\"name\":\"\",\"type\":\"column\",\"props\":{\"image_position\":\"top-center\",\"style\":\"default\",\"padding\":\"xlarge\",\"width_medium\":\"2-3\",\"media_overlay_gradient\":\"\",\"image\":\"wp-content\\\/uploads\\\/2021\\\/06\\\/cadre-top-left-laveaux.svg\",\"position_sticky_breakpoint\":\"m\"},\"children\":[{\"type\":\"breadcrumbs\",\"props\":{\"show_home\":true,\"show_current\":true}},{\"name\":\"*** \n\n<h1> ***\",\"type\":\"headline\",\"props\":{\"title_element\":\"h1\",\"content\":\"Tensor threads\",\"title_style\":\"heading-medium\",\"margin\":\"medium\",\"title_font_family\":\"primary\",\"margin_remove_bottom\":true}},{\"type\":\"text\",\"props\":{\"margin\":\"small\",\"column_breakpoint\":\"m\",\"text_style\":\"meta\",\"content\":\"\\u2022 Absorbable tensor threads \\u2022 Non-absorbable tensor threads \\u2022\",\"margin_remove_top\":false}},{\"name\":\"*** \n\n<h2> ***\",\"type\":\"headline\",\"props\":{\"title_element\":\"h2\",\"content\":\"Absorbable tensor threads\",\"margin\":\"large\",\"margin_remove_bottom\":true,\"title_decoration\":\"line\"}},{\"name\":\"\",\"type\":\"text\",\"props\":{\"column_breakpoint\":\"m\",\"margin\":\"medium\",\"content\":\"\n\n<h3>What are absorbable tensor threads?<\\\/h3>\\n\n\n<p>The absorbable threads are manufactured with the same components as the dissolvable sutures used by surgeons. They are therefore completely tolerated by the body<\\\/p>\\n\n\n<p>Implemented at the doctor\\u2019s office, the threads are placed under the skin allowing moderately <strong>saggy skin at the neck and face to be tightened<\\\/strong>.<\\\/p>\\n\n\n<p>The absorbable threads dissolve in one year leaving an inconspicuous scar, which in turn permits the skin to remain tight for more than a year.<\\\/p>\",\"text_align\":\"justify\"}},{\"name\":\"\",\"type\":\"text\",\"props\":{\"column_breakpoint\":\"m\",\"margin\":\"medium\",\"content\":\"\n\n<h3>Indication for absorbable tensor threads<\\\/h3>\\n\n\n<p>The tensor threads are designed for patients with the initial signs of skin relaxation of the neck and lower face.\\nFor these patients it would be premature to perform a <a href=\\\"\\\/en\\\/cosmetic-surgery\\\/face-and-neck-surgery\\\/face-and-neck-lift\\\/\\\">surgical facelift<\\\/a>, but the introduction of absorbable tensor threads is a first step in <strong>skin rejuvenation<\\\/strong>.<\\\/p>\\n\n\n<p>The fact that these threads totally dissolve allows patients to later benefit from a surgical face lift without constraints since the threads will have disappeared and will therefore not hinder the surgeon's work.<\\\/p>\",\"text_align\":\"justify\"}},{\"name\":\"\",\"type\":\"text\",\"props\":{\"column_breakpoint\":\"m\",\"margin\":\"medium\",\"content\":\"\n\n<h3>Practical information...<\\\/h3>\\n\n\n<p>The application of absorbable tensor threads takes place at Doctor Laveaux\\u2019s clinic.\\n<\\\/p>\\n\\n\",\"text_align\":\"justify\"}},{\"type\":\"accordion\",\"props\":{\"show_image\":true,\"show_link\":true,\"collapsible\":true,\"content_column_breakpoint\":\"m\",\"image_svg_color\":\"emphasis\",\"image_align\":\"top\",\"image_grid_width\":\"1-2\",\"image_grid_breakpoint\":\"m\",\"link_text\":\"Read more\",\"link_style\":\"default\",\"css\":\".el-element {background: #f7f7fa; padding: 20px;}\\n\"},\"children\":[{\"type\":\"accordion_item\",\"props\":{\"title\":\"Before the session\",\"content\":\"\n\n<ul>\\n    \n\n<li>Remove makeup;<\\\/li>\\n    \n\n<li>Avoid taking aspirin or other anticoagulants during the 10 days prior to the injections.<\\\/li>\\n<\\\/ul>\\n\"}},{\"type\":\"accordion_item\",\"props\":{\"title\":\"During the session\",\"content\":\"\n\n<ul>\\n\n\n<li>A mild local anaesthesia is applied at the entry points of the threads, so that their placement is painless.<\\\/li>\\n\n\n<li>One or several threads are placed on either side of the face depending on the condition\\\/indication, without incisions and without scarring.<\\\/li>\\n\n\n<li>Duration: 20-40 min<\\\/li>\\n<\\\/ul>\"}},{\"type\":\"accordion_item\",\"props\":{\"title\":\"After placing the threads\",\"content\":\"\n\n<ul>\\n    \n\n<li>Immediate return to normal activities;<\\\/li>\\n    \n\n<li>Avoid excessive effort for 72 hours;<\\\/li>\\n    \n\n<li>Avoid facial massages;<\\\/li>\\n    \n\n<li>Avoid taking aspirin or other anticoagulants for the next 10 days;<\\\/li>\\n    \n\n<li>Initial results are visible immediately with definitive results occurring in about 15 days.<\\\/li>\\n    \n\n<li>Excess folds of skin may appear and will disappear either within a few hours or up to a few days.<\\\/li>\\n    \n\n<li>Slight swelling may or may not occur and if so will disappear after a few days. <\\\/li>\\n    \n\n<li>Makeup is allowed.<\\\/li>\\n    <\\\/ul>\\n\\n\"}}]},{\"name\":\"\",\"type\":\"text\",\"props\":{\"column_breakpoint\":\"m\",\"margin\":\"medium\",\"content\":\"\n\n<p>In all cases, <strong>the result is very satisfactory and natural<\\\/strong>. The procedure can be accompanied by other techniques of aesthetic medicine (injections of <a href=\\\"\\\/en\\\/aesthetic-medicine\\\/main-techniques\\\/botulinum-toxin-injections\\\/\\\">botox<\\\/a> or <a href=\\\"\\\/en\\\/aesthetic-medicine\\\/main-techniques\\\/hyaluronic-acid-and-skinboosters\\\/\\\">hyaluronic acid<\\\/a>, <a href=\\\"\\\/en\\\/aesthetic-medicine\\\/main-techniques\\\/peeling\\\/\\\">peeling<\\\/a>,\\u2026).<\\\/p>\",\"text_align\":\"justify\"}},{\"type\":\"accordion\",\"props\":{\"show_image\":true,\"show_link\":true,\"collapsible\":true,\"content_column_breakpoint\":\"m\",\"image_svg_color\":\"emphasis\",\"image_align\":\"top\",\"image_grid_width\":\"1-2\",\"image_grid_breakpoint\":\"m\",\"link_text\":\"Read more\",\"link_style\":\"default\",\"css\":\".el-element {background: #f7f7fa; padding: 20px;}\\n\"},\"children\":[{\"type\":\"accordion_item\",\"props\":{\"title\":\"Before \\\/ After\",\"content\":\"\n\n<p><img src=\\\"https:\\\/\\\/christophelaveaux.fr\\\/wp-content\\\/uploads\\\/2022\\\/07\\\/fils-tenseurs-resorbables-1.jpg\\\" alt=\\\"Fils tenseurs r\\u00e9sorbables \\u00e0 Cannes, Antibes, Monaco, C\\u00f4te d'Azur\\\" width=\\\"800\\\" height=\\\"272\\\" class=\\\"aligncenter size-full wp-image-7214\\\" \\\/><\\\/p>\n\n<p><em>Improvement of the oval of the face and neck using absorbable tension wires.<\\\/em><\\\/p>\"}}]},{\"name\":\"*** \n\n<h2> ***\",\"type\":\"headline\",\"props\":{\"title_element\":\"h2\",\"content\":\"Non-absorbable tensor threads\",\"margin\":\"large\",\"margin_remove_bottom\":true,\"title_decoration\":\"line\"}},{\"name\":\"\",\"type\":\"text\",\"props\":{\"column_breakpoint\":\"m\",\"margin\":\"medium\",\"content\":\"\n\n<p>The permanent tensor threads <strong>lift the neck, jowls, cheekbones, marionette lines, nasolabial lines and \\\/ or tail of the eyebrows<\\\/strong>.<\\\/p>\\n\n\n<p>This medical <strong>face and neck lift technique<\\\/strong> offers a lasting youthful appearance for about 7 to 10 years, without incisions or scars.<\\\/p>\\n\n\n<p>Tightening can last for several years depending on the placement technique initially chosen.<\\\/p>\\n\n\n<p>Like resorbable tensor threads, placement of non-absorbable tensor threads is carried out in the consultation room, under local anaesthesia. If necessary, permanent tensor threads can be removed, also under local anaesthesia.<\\\/p>\\n\n\n<p>For cases with mild to moderate excess skin, the permanent tensor threads technique is an <strong>alternative to surgical facelift<\\\/strong>. <br \\\/>However, for extreme excess skin a <a href=\\\"\\\/en\\\/cosmetic-surgery\\\/face-and-neck-surgery\\\/face-and-neck-lift\\\/\\\">surgical facelift<\\\/a> is required to remove it.<\\\/p>\\n\n\n<p>Your cosmetic surgeon will recommend the method best suited to your situation.<\\\/p>\",\"text_align\":\"justify\"}}]},{\"name\":\"\",\"type\":\"column\",\"props\":{\"image_position\":\"center-center\",\"image\":\"\",\"style\":\"muted\",\"padding\":\"none\",\"width_medium\":\"1-3\",\"media_overlay_gradient\":\"\",\"position_sticky_breakpoint\":\"m\"},\"children\":[{\"type\":\"image\",\"props\":{\"margin\":\"remove-vertical\",\"image_svg_color\":\"emphasis\",\"image\":\"wp-content\\\/uploads\\\/2021\\\/08\\\/medecine-esthetique-fils-tenseurs-christophe-laveaux-cannes-scaled.jpg\",\"text_align\":\"right\",\"image_alt\":\"Fils tenseurs \\u00e0 Cannes - C\\u00f4te d'Azur - Dr Laveaux\",\"visibility\":\"s\"}}]}]}]}],\"version\":\"2.7.22\"} --><\/p>\n","protected":false},"excerpt":{"rendered":"<p>Tensor threads \u2022 Absorbable tensor threads \u2022 Non-absorbable tensor threads \u2022 Absorbable tensor threads What are absorbable tensor threads? The absorbable threads are manufactured with the same components as the dissolvable sutures used by surgeons. They are therefore completely tolerated by the body Implemented at the doctor\u2019s office, the threads are placed under the skin [&hellip;]<\/p>\n","protected":false},"author":2,"featured_media":0,"parent":6063,"menu_order":0,"comment_status":"closed","ping_status":"closed","template":"","meta":{"footnotes":""},"class_list":["post-6169","page","type-page","status-publish","hentry"],"yoast_head":"<!-- This site is optimized with the Yoast SEO plugin v25.3 - https:\/\/yoast.com\/wordpress\/plugins\/seo\/ -->\n<title>Tensor threads in Cannes, Antibes, Monaco \u2013 French Riviera | Dr Laveaux<\/title>\n<meta name=\"description\" content=\"Les fils tenseurs r\u00e9sorbables et non r\u00e9sorbables permettent de retendre la peau au niveau du cou et du visage sans recours \u00e0 la chirurgie.\" \/>\n<meta name=\"robots\" content=\"index, follow, max-snippet:-1, max-image-preview:large, max-video-preview:-1\" \/>\n<link rel=\"canonical\" href=\"https:\/\/christophelaveaux.fr\/en\/aesthetic-medicine\/main-techniques\/tensor-threads\/\" \/>\n<meta property=\"og:locale\" content=\"en_US\" \/>\n<meta property=\"og:type\" content=\"article\" \/>\n<meta property=\"og:title\" content=\"Tensor threads in Cannes, Antibes, Monaco \u2013 French Riviera | Dr Laveaux\" \/>\n<meta property=\"og:description\" content=\"Les fils tenseurs r\u00e9sorbables et non r\u00e9sorbables permettent de retendre la peau au niveau du cou et du visage sans recours \u00e0 la chirurgie.\" \/>\n<meta property=\"og:url\" content=\"https:\/\/christophelaveaux.fr\/en\/aesthetic-medicine\/main-techniques\/tensor-threads\/\" \/>\n<meta property=\"og:site_name\" content=\"Dr Christophe Laveaux\" \/>\n<meta property=\"article:modified_time\" content=\"2022-07-12T13:06:58+00:00\" \/>\n<meta property=\"og:image\" content=\"https:\/\/christophelaveaux.fr\/wp-content\/uploads\/2022\/07\/fils-tenseurs-resorbables-1.jpg\" \/>\n<meta name=\"twitter:card\" content=\"summary_large_image\" \/>\n<meta name=\"twitter:label1\" content=\"Est. reading time\" \/>\n\t<meta name=\"twitter:data1\" content=\"3 minutes\" \/>\n<script type=\"application\/ld+json\" class=\"yoast-schema-graph\">{\"@context\":\"https:\/\/schema.org\",\"@graph\":[{\"@type\":\"WebPage\",\"@id\":\"https:\/\/christophelaveaux.fr\/en\/aesthetic-medicine\/main-techniques\/tensor-threads\/\",\"url\":\"https:\/\/christophelaveaux.fr\/en\/aesthetic-medicine\/main-techniques\/tensor-threads\/\",\"name\":\"Tensor threads in Cannes, Antibes, Monaco \u2013 French Riviera | Dr Laveaux\",\"isPartOf\":{\"@id\":\"https:\/\/christophelaveaux.fr\/en\/#website\"},\"primaryImageOfPage\":{\"@id\":\"https:\/\/christophelaveaux.fr\/en\/aesthetic-medicine\/main-techniques\/tensor-threads\/#primaryimage\"},\"image\":{\"@id\":\"https:\/\/christophelaveaux.fr\/en\/aesthetic-medicine\/main-techniques\/tensor-threads\/#primaryimage\"},\"thumbnailUrl\":\"https:\/\/christophelaveaux.fr\/wp-content\/uploads\/2022\/07\/fils-tenseurs-resorbables-1.jpg\",\"datePublished\":\"2021-05-24T09:07:34+00:00\",\"dateModified\":\"2022-07-12T13:06:58+00:00\",\"description\":\"Les fils tenseurs r\u00e9sorbables et non r\u00e9sorbables permettent de retendre la peau au niveau du cou et du visage sans recours \u00e0 la chirurgie.\",\"breadcrumb\":{\"@id\":\"https:\/\/christophelaveaux.fr\/en\/aesthetic-medicine\/main-techniques\/tensor-threads\/#breadcrumb\"},\"inLanguage\":\"en-US\",\"potentialAction\":[{\"@type\":\"ReadAction\",\"target\":[\"https:\/\/christophelaveaux.fr\/en\/aesthetic-medicine\/main-techniques\/tensor-threads\/\"]}]},{\"@type\":\"ImageObject\",\"inLanguage\":\"en-US\",\"@id\":\"https:\/\/christophelaveaux.fr\/en\/aesthetic-medicine\/main-techniques\/tensor-threads\/#primaryimage\",\"url\":\"https:\/\/christophelaveaux.fr\/wp-content\/uploads\/2022\/07\/fils-tenseurs-resorbables-1.jpg\",\"contentUrl\":\"https:\/\/christophelaveaux.fr\/wp-content\/uploads\/2022\/07\/fils-tenseurs-resorbables-1.jpg\"},{\"@type\":\"BreadcrumbList\",\"@id\":\"https:\/\/christophelaveaux.fr\/en\/aesthetic-medicine\/main-techniques\/tensor-threads\/#breadcrumb\",\"itemListElement\":[{\"@type\":\"ListItem\",\"position\":1,\"name\":\"Accueil\",\"item\":\"https:\/\/christophelaveaux.fr\/en\/\"},{\"@type\":\"ListItem\",\"position\":2,\"name\":\"Aesthetic Medicine\",\"item\":\"https:\/\/christophelaveaux.fr\/en\/aesthetic-medicine\/\"},{\"@type\":\"ListItem\",\"position\":3,\"name\":\"Main techniques\",\"item\":\"https:\/\/christophelaveaux.fr\/en\/aesthetic-medicine\/main-techniques\/\"},{\"@type\":\"ListItem\",\"position\":4,\"name\":\"Tensor threads\"}]},{\"@type\":\"WebSite\",\"@id\":\"https:\/\/christophelaveaux.fr\/en\/#website\",\"url\":\"https:\/\/christophelaveaux.fr\/en\/\",\"name\":\"Dr Christophe Laveaux\",\"description\":\"Chirurgien Esth\u00e9tique \u2022 Cannes\",\"potentialAction\":[{\"@type\":\"SearchAction\",\"target\":{\"@type\":\"EntryPoint\",\"urlTemplate\":\"https:\/\/christophelaveaux.fr\/en\/?s={search_term_string}\"},\"query-input\":{\"@type\":\"PropertyValueSpecification\",\"valueRequired\":true,\"valueName\":\"search_term_string\"}}],\"inLanguage\":\"en-US\"}]}<\/script>\n<!-- \/ Yoast SEO plugin. -->","yoast_head_json":{"title":"Tensor threads in Cannes, Antibes, Monaco \u2013 French Riviera | Dr Laveaux","description":"Les fils tenseurs r\u00e9sorbables et non r\u00e9sorbables permettent de retendre la peau au niveau du cou et du visage sans recours \u00e0 la chirurgie.","robots":{"index":"index","follow":"follow","max-snippet":"max-snippet:-1","max-image-preview":"max-image-preview:large","max-video-preview":"max-video-preview:-1"},"canonical":"https:\/\/christophelaveaux.fr\/en\/aesthetic-medicine\/main-techniques\/tensor-threads\/","og_locale":"en_US","og_type":"article","og_title":"Tensor threads in Cannes, Antibes, Monaco \u2013 French Riviera | Dr Laveaux","og_description":"Les fils tenseurs r\u00e9sorbables et non r\u00e9sorbables permettent de retendre la peau au niveau du cou et du visage sans recours \u00e0 la chirurgie.","og_url":"https:\/\/christophelaveaux.fr\/en\/aesthetic-medicine\/main-techniques\/tensor-threads\/","og_site_name":"Dr Christophe Laveaux","article_modified_time":"2022-07-12T13:06:58+00:00","og_image":[{"url":"https:\/\/christophelaveaux.fr\/wp-content\/uploads\/2022\/07\/fils-tenseurs-resorbables-1.jpg","type":"","width":"","height":""}],"twitter_card":"summary_large_image","twitter_misc":{"Est. reading time":"3 minutes"},"schema":{"@context":"https:\/\/schema.org","@graph":[{"@type":"WebPage","@id":"https:\/\/christophelaveaux.fr\/en\/aesthetic-medicine\/main-techniques\/tensor-threads\/","url":"https:\/\/christophelaveaux.fr\/en\/aesthetic-medicine\/main-techniques\/tensor-threads\/","name":"Tensor threads in Cannes, Antibes, Monaco \u2013 French Riviera | Dr Laveaux","isPartOf":{"@id":"https:\/\/christophelaveaux.fr\/en\/#website"},"primaryImageOfPage":{"@id":"https:\/\/christophelaveaux.fr\/en\/aesthetic-medicine\/main-techniques\/tensor-threads\/#primaryimage"},"image":{"@id":"https:\/\/christophelaveaux.fr\/en\/aesthetic-medicine\/main-techniques\/tensor-threads\/#primaryimage"},"thumbnailUrl":"https:\/\/christophelaveaux.fr\/wp-content\/uploads\/2022\/07\/fils-tenseurs-resorbables-1.jpg","datePublished":"2021-05-24T09:07:34+00:00","dateModified":"2022-07-12T13:06:58+00:00","description":"Les fils tenseurs r\u00e9sorbables et non r\u00e9sorbables permettent de retendre la peau au niveau du cou et du visage sans recours \u00e0 la chirurgie.","breadcrumb":{"@id":"https:\/\/christophelaveaux.fr\/en\/aesthetic-medicine\/main-techniques\/tensor-threads\/#breadcrumb"},"inLanguage":"en-US","potentialAction":[{"@type":"ReadAction","target":["https:\/\/christophelaveaux.fr\/en\/aesthetic-medicine\/main-techniques\/tensor-threads\/"]}]},{"@type":"ImageObject","inLanguage":"en-US","@id":"https:\/\/christophelaveaux.fr\/en\/aesthetic-medicine\/main-techniques\/tensor-threads\/#primaryimage","url":"https:\/\/christophelaveaux.fr\/wp-content\/uploads\/2022\/07\/fils-tenseurs-resorbables-1.jpg","contentUrl":"https:\/\/christophelaveaux.fr\/wp-content\/uploads\/2022\/07\/fils-tenseurs-resorbables-1.jpg"},{"@type":"BreadcrumbList","@id":"https:\/\/christophelaveaux.fr\/en\/aesthetic-medicine\/main-techniques\/tensor-threads\/#breadcrumb","itemListElement":[{"@type":"ListItem","position":1,"name":"Accueil","item":"https:\/\/christophelaveaux.fr\/en\/"},{"@type":"ListItem","position":2,"name":"Aesthetic Medicine","item":"https:\/\/christophelaveaux.fr\/en\/aesthetic-medicine\/"},{"@type":"ListItem","position":3,"name":"Main techniques","item":"https:\/\/christophelaveaux.fr\/en\/aesthetic-medicine\/main-techniques\/"},{"@type":"ListItem","position":4,"name":"Tensor threads"}]},{"@type":"WebSite","@id":"https:\/\/christophelaveaux.fr\/en\/#website","url":"https:\/\/christophelaveaux.fr\/en\/","name":"Dr Christophe Laveaux","description":"Chirurgien Esth\u00e9tique \u2022 Cannes","potentialAction":[{"@type":"SearchAction","target":{"@type":"EntryPoint","urlTemplate":"https:\/\/christophelaveaux.fr\/en\/?s={search_term_string}"},"query-input":{"@type":"PropertyValueSpecification","valueRequired":true,"valueName":"search_term_string"}}],"inLanguage":"en-US"}]}},"_links":{"self":[{"href":"https:\/\/christophelaveaux.fr\/en\/wp-json\/wp\/v2\/pages\/6169","targetHints":{"allow":["GET"]}}],"collection":[{"href":"https:\/\/christophelaveaux.fr\/en\/wp-json\/wp\/v2\/pages"}],"about":[{"href":"https:\/\/christophelaveaux.fr\/en\/wp-json\/wp\/v2\/types\/page"}],"author":[{"embeddable":true,"href":"https:\/\/christophelaveaux.fr\/en\/wp-json\/wp\/v2\/users\/2"}],"replies":[{"embeddable":true,"href":"https:\/\/christophelaveaux.fr\/en\/wp-json\/wp\/v2\/comments?post=6169"}],"version-history":[{"count":20,"href":"https:\/\/christophelaveaux.fr\/en\/wp-json\/wp\/v2\/pages\/6169\/revisions"}],"predecessor-version":[{"id":7723,"href":"https:\/\/christophelaveaux.fr\/en\/wp-json\/wp\/v2\/pages\/6169\/revisions\/7723"}],"up":[{"embeddable":true,"href":"https:\/\/christophelaveaux.fr\/en\/wp-json\/wp\/v2\/pages\/6063"}],"wp:attachment":[{"href":"https:\/\/christophelaveaux.fr\/en\/wp-json\/wp\/v2\/media?parent=6169"}],"curies":[{"name":"wp","href":"https:\/\/api.w.org\/{rel}","templated":true}]}}